{"id":3,"date":"2024-05-19T02:54:51","date_gmt":"2024-05-19T02:54:51","guid":{"rendered":"https:\/\/branding4wine.com\/?page_id=3"},"modified":"2024-08-15T07:12:13","modified_gmt":"2024-08-15T07:12:13","slug":"privacyverklaring","status":"publish","type":"page","link":"https:\/\/branding4wine.com\/es\/privacyverklaring\/","title":{"rendered":"Protecci\u00f3n de datos"},"content":{"rendered":"<div data-elementor-type=\"wp-page\" data-elementor-id=\"3\" class=\"elementor elementor-3\" data-elementor-post-type=\"page\">\n\t\t\t\t<div class=\"elementor-element elementor-element-cb4c590 e-con-full e-flex e-con e-parent\" data-id=\"cb4c590\" data-element_type=\"container\" data-e-type=\"container\" data-settings=\"{&quot;background_background&quot;:&quot;classic&quot;}\">\n\t\t\t\t<div class=\"elementor-element elementor-element-fc75f1a elementor-widget-mobile__width-initial elementor-widget-tablet__width-initial elementor-widget__width-initial elementor-widget-divider--view-line elementor-widget elementor-widget-divider\" data-id=\"fc75f1a\" data-element_type=\"widget\" data-e-type=\"widget\" data-widget_type=\"divider.default\">\n\t\t\t\t<div class=\"elementor-widget-container\">\n\t\t\t\t\t\t\t<div class=\"elementor-divider\">\n\t\t\t<span class=\"elementor-divider-separator\">\n\t\t\t\t\t\t<\/span>\n\t\t<\/div>\n\t\t\t\t\t\t<\/div>\n\t\t\t\t<\/div>\n\t\t\t\t<div class=\"elementor-element elementor-element-8d36ef5 elementor-widget-mobile__width-auto elementor-widget-tablet__width-auto elementor-widget elementor-widget-heading\" data-id=\"8d36ef5\" data-element_type=\"widget\" data-e-type=\"widget\" data-widget_type=\"heading.default\">\n\t\t\t\t<div class=\"elementor-widget-container\">\n\t\t\t\t\t<h1 class=\"elementor-heading-title elementor-size-default\">Protecci\u00f3n de datos<\/h1>\t\t\t\t<\/div>\n\t\t\t\t<\/div>\n\t\t\t\t<\/div>\n\t\t<div class=\"elementor-element elementor-element-16b6faa e-flex e-con-boxed elementor-invisible e-con e-parent\" data-id=\"16b6faa\" data-element_type=\"container\" data-e-type=\"container\" data-settings=\"{&quot;background_background&quot;:&quot;classic&quot;,&quot;animation&quot;:&quot;fadeInUp&quot;}\">\n\t\t\t\t\t<div class=\"e-con-inner\">\n\t\t\t\t<div class=\"elementor-element elementor-element-ca04075 elementor-widget elementor-widget-text-editor\" data-id=\"ca04075\" data-element_type=\"widget\" data-e-type=\"widget\" data-widget_type=\"text-editor.default\">\n\t\t\t\t<div class=\"elementor-widget-container\">\n\t\t\t\t\t\t\t\t\t<h2><b>Privacidad y exenci\u00f3n de responsabilidad<\/b><\/h2><p><span style=\"font-weight: 400;\">Branding 4 Wine respeta la privacidad de los visitantes de su sitio web, respetando los derechos de los visitantes y la confidencialidad de los datos personales. Gracias a la total transparencia de nuestro sitio web.<\/span><span style=\"font-weight: 400;\">n<\/span><span style=\"font-weight: 400;\">Por ello, hemos creado una base de datos y estamos trabajando en ella.<\/span><span style=\"font-weight: 400;\">m<\/span><span style=\"font-weight: 400;\">la obligaci\u00f3n se aplica tambi\u00e9n a los derechos de los trabajadores para que sus derechos sean respetados.<\/span><\/p><p><span style=\"font-weight: 400;\">Para obtener m\u00e1s informaci\u00f3n sobre la protecci\u00f3n de los derechos de las personas, consulte el sitio web de la Autoridad de protecci\u00f3n de los derechos de las personas:\u00a0<\/span><a href=\"http:\/\/autoriteitpersoonsgegevens.nl\/nl\"><span style=\"font-weight: 400;\">http:\/\/autoriteitpersoonsgegevens.nl\/nl<\/span><\/a><span style=\"font-weight: 400;\">.<\/span><span style=\"font-weight: 400;\"><br \/><\/span><span style=\"font-weight: 400;\">Si acepta el uso de cookies u otros sistemas de seguimiento en este sitio web, no instalaremos cookies anal\u00edticas en su ordenador, tel\u00e9fono m\u00f3vil o tableta. Al visitar este sitio web, acepta las siguientes condiciones de uso.<\/span><\/p><p><b>Artikel 1 - Wettelijke bepalingen<\/b><\/p><ol><li style=\"font-weight: 400;\" aria-level=\"1\"><span style=\"font-weight: 400;\">Sitio web (hierna ook \"De website\"): branding4wine.com<\/span><\/li><li style=\"font-weight: 400;\" aria-level=\"1\"><span style=\"font-weight: 400;\">Verantwoordelijke voor de verwerking van persoonsgegevens (Hierna ook \"de beheerder\"): 4 Wine b.v. , gevestigd te Trasmolenlaan 12, 3447 GZ Woerden, kvk- nummer 93579365.<\/span><\/li><\/ol><p><b>Art\u00edculo 2 - Acceso al sitio web<\/b><\/p><p><span style=\"font-weight: 400;\">El acceso al sitio web y su uso son estrictamente personales. Este sitio web, as\u00ed como los datos y la informaci\u00f3n que contiene, no se utilizar\u00e1n con fines comerciales.<\/span><span style=\"font-weight: 400;\">l<\/span><span style=\"font-weight: 400;\">e, politieke of publicitaire doeleinden, dan wel voor enige commerci\u00eb<\/span><span style=\"font-weight: 400;\">l<\/span><span style=\"font-weight: 400;\">e aanbiedingen en het bijzonder gebruiken niet voor ongevraagde elektronische aanbiedingen.<\/span><\/p><p><b>Art\u00edculo 3 - Contenido del sitio web<\/b><\/p><p><span style=\"font-weight: 400;\">Todas las marcas, im\u00e1genes, dise\u00f1os, comentarios, ilustraciones, dibujos animados, v\u00eddeos, im\u00e1genes en movimiento, as\u00ed como todas las aplicaciones t\u00e9cnicas utilizadas para el funcionamiento del sitio web y, en particular, todos los elementos utilizados en este sitio web, est\u00e1n protegidos por derechos de propiedad intelectual. Cualquier reproducci\u00f3n, copia, uso o transmisi\u00f3n, ya sea por cualquier medio o por cualquier otro, de cualquier parte del sitio, con el consentimiento de las aplicaciones t\u00e9cnicas, sin perjuicio de los derechos de propiedad intelectual del autor, est\u00e1 estrictamente prohibida. Indien de beheerder niet meteen actie onderneemt tegen enig inbreuk, kan dat niet worden opgevat als stilzwijgende toestemming dan wel het afzien van rechtsvervolging.<\/span><\/p><p><b>Art\u00edculo 4 - El mantenimiento del sitio web<\/b><\/p><p><span style=\"font-weight: 400;\">Para mejorar su sitio web, puede hacerlo en cualquier momento:<\/span><\/p><ul><li style=\"font-weight: 400;\" aria-level=\"1\"><span style=\"font-weight: 400;\">El acceso a una categor\u00eda determinada de productos o servicios de los usuarios del sitio web<\/span><\/li><\/ul><ul><li style=\"font-weight: 400;\" aria-level=\"1\"><span style=\"font-weight: 400;\">Toda la informaci\u00f3n sobre el funcionamiento del sitio web que pueda ser de utilidad o que est\u00e9 en consonancia con la legislaci\u00f3n nacional o internacional o que est\u00e9 en consonancia con la etiqueta de Internet.<\/span><\/li><li style=\"font-weight: 400;\" aria-level=\"1\"><span style=\"font-weight: 400;\">El sitio web no est\u00e1 disponible en este momento sin actualizaciones.<\/span><\/li><\/ul><p><b>Art\u00edculo 5 - Condiciones de uso<\/b><\/p><p><span style=\"font-weight: 400;\">El Proveedor no es responsable en ning\u00fan caso de los errores, el almacenamiento, la modificaci\u00f3n o la interrupci\u00f3n del funcionamiento del sitio web, o de que el sitio web o alguna de sus funciones no sea inviolable. La raz\u00f3n por la que usted necesita ayuda con el sitio web es su propia voluntad. Usted debe tomar todas las medidas necesarias para proteger su equipo y sus datos contra, entre otros, los ataques de virus en Internet. Usted mismo se compromete a proteger los sitios web y las im\u00e1genes que visita en Internet.<\/span><\/p><p><span style=\"font-weight: 400;\">De beheerder is niet aansprakelijk voor juridische procedures die tegen u worden gevoerd:<\/span><\/p><ul><li style=\"font-weight: 400;\" aria-level=\"1\"><span style=\"font-weight: 400;\">Mediante el uso del sitio web o de servicios a trav\u00e9s de Internet<\/span><\/li><li style=\"font-weight: 400;\" aria-level=\"1\"><span style=\"font-weight: 400;\">Seg\u00fan los t\u00e9rminos de esta pol\u00edtica de privacidad<\/span><\/li><\/ul><p><span style=\"font-weight: 400;\">El navegador no es responsable de ninguna acci\u00f3n que usted mismo haya realizado, sino de las acciones que su equipo haya llevado a cabo como consecuencia de su uso de la p\u00e1gina web. No se responsabilizar\u00e1 de ninguna acci\u00f3n realizada por el proveedor.<\/span><\/p><p><span style=\"font-weight: 400;\">Si el cliente se ha comprometido a utilizar este sitio web para un fin determinado, se le pedir\u00e1 que proporcione toda la informaci\u00f3n que desee y que no se le olvide.<\/span><\/p><p><b>Art\u00edculo 6 - Verificaci\u00f3n de datos<\/b><\/p><p><span style=\"font-weight: 400;\">Sus datos han sido verificados por Branding 4 Wine Adem\u00e1s de los datos personales: toda la informaci\u00f3n sobre una marca<\/span><span style=\"font-weight: 400;\">d<\/span><span style=\"font-weight: 400;\">persona natural identificable o identificable, ya que se considera identificable una persona natural que puede ser identificada directa o indirectamente.<\/span><span style=\"font-weight: 400;\">d<\/span><span style=\"font-weight: 400;\">con el nombre a mano de un identificador, como un nombre, un n\u00famero de identificaci\u00f3n, un identificador de ubicaci\u00f3n, un identificador en l\u00ednea, o uno o m\u00e1s elementos que son importantes para la identidad f\u00edsica, fisiol\u00f3gica, gen\u00e9tica, ps\u00edquica, econ\u00f3mica, cultural o social.<\/span><\/p><p><span style=\"font-weight: 400;\">Los datos personales que se muestran en el sitio web son utilizados por el vendedor para establecer relaciones con usted y por el vendedor para realizar sus ventas.<\/span><\/p><p><b>Art\u00edculo 7 - Sus derechos y obligaciones<\/b><\/p><p><span style=\"font-weight: 400;\">De conformidad con el art\u00edculo 13, apartado 2, subapartado b, de la Ley de Protecci\u00f3n de Datos de Car\u00e1cter Personal (AVG), usted tiene derecho a conocer, rectificar o corregir sus datos personales, as\u00ed como a oponerse al tratamiento de sus datos personales y a la confidencialidad de los mismos. Para obtener m\u00e1s informaci\u00f3n, p\u00f3ngase en contacto con nosotros a trav\u00e9s de melvin@branding4wine.com. Cualquier consulta de este tipo debe ir acompa\u00f1ada de una copia de un documento de identidad v\u00e1lido, en el que se indique su direcci\u00f3n y la direcci\u00f3n a la que puede dirigirse para ponerse en contacto con nosotros. Dentro de 1 mes despu\u00e9s de la visita inicial, se le informar\u00e1 de su visita. Dependiendo de la complejidad de la b\u00fasqueda y de la cantidad de b\u00fasquedas, este plazo puede ser de 2 meses.<\/span><\/p><p><b>Art\u00edculo 8 - Verificaci\u00f3n de los datos personales<\/b><\/p><p><span style=\"font-weight: 400;\">In geval van schending van enige wet- of regelgeving, waarvan de bezoeker wordt verdacht en waarvoor de autoriteiten persoonsgegevens nodig hebben die de beheerder heeft verzameld, ser\u00e1n sometidos a una revisi\u00f3n peri\u00f3dica y exhaustiva por parte de las autoridades competentes, de modo que no se revelen m\u00e1s datos personales que los incluidos en esta declaraci\u00f3n de confidencialidad.<\/span><\/p><p><b>Art\u00edculo 9 - Condiciones comerciales<\/b><\/p><p><span style=\"font-weight: 400;\">Usted puede comerciar<\/span><span style=\"font-weight: 400;\">l<\/span><span style=\"font-weight: 400;\">e aanbiedingen krijgen van de beheerder. Si no desea recibir m\u00e1s informaci\u00f3n, env\u00ede un correo electr\u00f3nico a la siguiente direcci\u00f3n: melvin@branding4wine.com<\/span><\/p><p><span style=\"font-weight: 400;\">Si durante la navegaci\u00f3n por el sitio web se producen cambios en los datos personales, deber\u00e1 tener en cuenta los derechos de propiedad intelectual o cualquier otro derecho aplicable, as\u00ed como cualquier otra circunstancia que pudiera afectar a los derechos personales de dicha persona. De beheerder is in geen geval verantwoordelijk in bovengenoemde situaties.<\/span><\/p><p><b>Art\u00edculo 10 - Declaraci\u00f3n de privacidad<\/b><\/p><p><span style=\"font-weight: 400;\">El responsable de la p\u00e1gina web utilizar\u00e1 y aceptar\u00e1 los datos verificados por el usuario en caso de que se produzcan da\u00f1os.<\/span><\/p><p><b>Art\u00edculo 11 - Cookies<\/b><\/p><p><span style=\"font-weight: 400;\">Una cookie es un peque\u00f1o archivo de texto que se instala en el disco duro de su ordenador al visitar nuestro sitio web. Una cookie proporciona informaci\u00f3n que le permite acceder a nuestro sitio web como usuario registrado. Esto es necesario para que nuestro sitio web sea espec\u00edfico para usted y para que se registre en \u00e9l. Cuando visite nuestro sitio web, aparecer\u00e1 un banner para informarle sobre el uso de cookies. Si contin\u00faa navegando, consideramos que acepta su uso. Su uso es gratuito durante un periodo de diez meses.<\/span><\/p><p><span style=\"font-weight: 400;\">Utilizamos los siguientes tipos de cookies en nuestro sitio web:<\/span><\/p><ul><li style=\"font-weight: 400;\" aria-level=\"1\"><span style=\"font-weight: 400;\">Cookies funcionales: como cookies de sesi\u00f3n e inicio de sesi\u00f3n para proporcionar informaci\u00f3n de sesi\u00f3n e inicio de sesi\u00f3n.<\/span><\/li><li style=\"font-weight: 400;\" aria-level=\"1\"><span style=\"font-weight: 400;\">Geanonimiseerde analytische cookies: om inzage te krijgen in het bezoek aan onze website op basis van informatie over bezoekersaantallen, populaire pagina's en onderwerpen. De este modo, podremos adaptar mejor la comunicaci\u00f3n y la informaci\u00f3n a las necesidades de los usuarios de nuestro sitio web. No podemos saber c\u00f3mo se ha creado nuestro sitio web ni en qu\u00e9 ordenador se ha publicado.<\/span><\/li><\/ul><p><span style=\"font-weight: 400;\">Si visita nuestro sitio web, puede recibir cookies de su navegador o de su equipo.<\/span><span style=\"font-weight: 400;\">\u0308<\/span><span style=\"font-weight: 400;\">nstalleerd. Para obtener m\u00e1s informaci\u00f3n sobre el uso, la gesti\u00f3n y la eliminaci\u00f3n de las cookies para este tipo de navegaci\u00f3n, haz clic en el siguiente enlace:\u00a0<\/span><a href=\"https:\/\/autoriteitpersoonsgegevens.nl\/nl\/onderwerpen\/internet-telefoon-tv-en-post\/cookies#faq\"><span style=\"font-weight: 400;\">https:\/\/autoriteitpersoonsgegevens.nl\/nl\/onderwerpen\/internet- telefoon-tv-en-post\/cookies#faq<\/span><\/a><\/p><p><b>Art\u00edculo 12 - Productos alimenticios y de alimentaci\u00f3n animal<\/b><\/p><p><span style=\"font-weight: 400;\">No se aceptan rechazos a los productos que se encuentran en el sitio web.<\/span><\/p><p><b>Art\u00edculo 13 - Derechos de propiedad intelectual<\/b><\/p><p><span style=\"font-weight: 400;\">Op deze voorwaarden is Nederlands Recht van toepassing. De rechtbank van de vestigingsplaats van de beheerder is exclusief bevoegd bij eventuele geschillen omtrent deze voorwaarden, behoudens wanneer hierop een wettelijke uitzondering van toepassing is.<\/span><\/p><p><b>Art\u00edculo 14 - Contacto<\/b><\/p><p><span style=\"font-weight: 400;\">Para obtener m\u00e1s informaci\u00f3n sobre el sitio web, los productos o la propia p\u00e1gina, dir\u00edjase a la direcci\u00f3n de administraci\u00f3n melvin@branding4wine.com.<\/span><\/p>\t\t\t\t\t\t\t\t<\/div>\n\t\t\t\t<\/div>\n\t\t\t\t\t<\/div>\n\t\t\t\t<\/div>\n\t\t\t\t<\/div>","protected":false},"excerpt":{"rendered":"<p>Privacy en disclaimer Branding 4 Wine respecteert de privacy van de bezoekers van haar website in het bijzonder de rechten van bezoekers met betrekking tot de geautomatiseerde verwerking van persoonsgegevens. Vanwege volledige transparantie met onze ge\u00efnteresseerden hebben wij daarom een beleid geformuleerd en ge\u00efmplementeerd met betrekking tot deze verwerkingen zelf, het doel ervan alsook de [&hellip;]<\/p>","protected":false},"author":2,"featured_media":0,"parent":0,"menu_order":0,"comment_status":"closed","ping_status":"open","template":"elementor_header_footer","meta":{"footnotes":""},"class_list":["post-3","page","type-page","status-publish","hentry"],"_links":{"self":[{"href":"https:\/\/branding4wine.com\/es\/wp-json\/wp\/v2\/pages\/3","targetHints":{"allow":["GET"]}}],"collection":[{"href":"https:\/\/branding4wine.com\/es\/wp-json\/wp\/v2\/pages"}],"about":[{"href":"https:\/\/branding4wine.com\/es\/wp-json\/wp\/v2\/types\/page"}],"author":[{"embeddable":true,"href":"https:\/\/branding4wine.com\/es\/wp-json\/wp\/v2\/users\/2"}],"replies":[{"embeddable":true,"href":"https:\/\/branding4wine.com\/es\/wp-json\/wp\/v2\/comments?post=3"}],"version-history":[{"count":34,"href":"https:\/\/branding4wine.com\/es\/wp-json\/wp\/v2\/pages\/3\/revisions"}],"predecessor-version":[{"id":1675,"href":"https:\/\/branding4wine.com\/es\/wp-json\/wp\/v2\/pages\/3\/revisions\/1675"}],"wp:attachment":[{"href":"https:\/\/branding4wine.com\/es\/wp-json\/wp\/v2\/media?parent=3"}],"curies":[{"name":"wp","href":"https:\/\/api.w.org\/{rel}","templated":true}]}}