{"id":328,"date":"2024-05-22T13:47:22","date_gmt":"2024-05-22T13:47:22","guid":{"rendered":"https:\/\/branding4wine.com\/?page_id=328"},"modified":"2025-01-21T13:26:39","modified_gmt":"2025-01-21T13:26:39","slug":"home","status":"publish","type":"page","link":"https:\/\/branding4wine.com\/es\/","title":{"rendered":"Inicio"},"content":{"rendered":"<div data-elementor-type=\"wp-page\" data-elementor-id=\"328\" class=\"elementor elementor-328\" data-elementor-post-type=\"page\">\n\t\t\t\t<div class=\"elementor-element elementor-element-3dc65fe e-con-full e-flex e-con e-parent\" data-id=\"3dc65fe\" data-element_type=\"container\" data-e-type=\"container\" data-settings=\"{&quot;background_background&quot;:&quot;classic&quot;}\">\n\t\t<div class=\"elementor-element elementor-element-8678bba e-flex e-con-boxed e-con e-child\" data-id=\"8678bba\" data-element_type=\"container\" data-e-type=\"container\" data-settings=\"{&quot;position&quot;:&quot;absolute&quot;}\">\n\t\t\t\t\t<div class=\"e-con-inner\">\n\t\t<div class=\"elementor-element elementor-element-ff43dc4 e-con-full e-flex e-con e-child\" data-id=\"ff43dc4\" data-element_type=\"container\" data-e-type=\"container\">\n\t\t\t\t<div class=\"elementor-element elementor-element-5c6b551 elementor-widget__width-initial elementor-absolute elementor-widget elementor-widget-heading\" data-id=\"5c6b551\" data-element_type=\"widget\" data-e-type=\"widget\" data-settings=\"{&quot;_position&quot;:&quot;absolute&quot;}\" data-widget_type=\"heading.default\">\n\t\t\t\t<div class=\"elementor-widget-container\">\n\t\t\t\t\t<h1 class=\"elementor-heading-title elementor-size-default\">En <i>agencia en l\u00ednea<\/i>\nque <i>habla<\/i> &amp;\n<i>entiende<\/i><br>\n<span class=\"hero-bold\">vino<\/span><\/h1>\t\t\t\t<\/div>\n\t\t\t\t<\/div>\n\t\t\t\t<div class=\"elementor-element elementor-element-b5764a0 elementor-widget__width-initial elementor-invisible elementor-widget elementor-widget-button\" data-id=\"b5764a0\" data-element_type=\"widget\" data-e-type=\"widget\" data-settings=\"{&quot;_animation&quot;:&quot;fadeInUp&quot;}\" data-widget_type=\"button.default\">\n\t\t\t\t<div class=\"elementor-widget-container\">\n\t\t\t\t\t\t\t\t\t<div class=\"elementor-button-wrapper\">\n\t\t\t\t\t<a class=\"elementor-button elementor-button-link elementor-size-sm\" href=\"https:\/\/branding4wine.com\/es\/online-agency\/\">\n\t\t\t\t\t\t<span class=\"elementor-button-content-wrapper\">\n\t\t\t\t\t\t\t\t\t<span class=\"elementor-button-text\"><img decoding=\"async\" src=\"\/wp-content\/uploads\/2024\/05\/icon_flecha_derecha.png\"><\/span>\n\t\t\t\t\t<\/span>\n\t\t\t\t\t<\/a>\n\t\t\t\t<\/div>\n\t\t\t\t\t\t\t\t<\/div>\n\t\t\t\t<\/div>\n\t\t\t\t<\/div>\n\t\t\t\t\t<\/div>\n\t\t\t\t<\/div>\n\t\t\t\t<\/div>\n\t\t<div class=\"elementor-element elementor-element-0e24ec1 e-flex e-con-boxed e-con e-parent\" data-id=\"0e24ec1\" data-element_type=\"container\" data-e-type=\"container\" data-settings=\"{&quot;background_background&quot;:&quot;classic&quot;}\">\n\t\t\t\t\t<div class=\"e-con-inner\">\n\t\t<div class=\"elementor-element elementor-element-27d0bba e-con-full e-flex e-con e-child\" data-id=\"27d0bba\" data-element_type=\"container\" data-e-type=\"container\">\n\t\t\t\t<div class=\"elementor-element elementor-element-961ffa4 elementor-cta--skin-cover elementor-invisible elementor-widget elementor-widget-call-to-action\" data-id=\"961ffa4\" data-element_type=\"widget\" data-e-type=\"widget\" data-settings=\"{&quot;_animation&quot;:&quot;fadeIn&quot;}\" data-widget_type=\"call-to-action.default\">\n\t\t\t\t<div class=\"elementor-widget-container\">\n\t\t\t\t\t\t\t<a class=\"elementor-cta\" href=\"https:\/\/branding4wine.com\/es\/online-agency\/\">\n\t\t\t\t\t<div class=\"elementor-cta__bg-wrapper\">\n\t\t\t\t<div class=\"elementor-cta__bg elementor-bg\" style=\"background-image: url(https:\/\/branding4wine.com\/wp-content\/uploads\/2024\/05\/content_CTA.webp);\" role=\"img\" aria-label=\"contenido_CTA\"><\/div>\n\t\t\t\t<div class=\"elementor-cta__bg-overlay\"><\/div>\n\t\t\t<\/div>\n\t\t\t\t\t\t\t<div class=\"elementor-cta__content\">\n\t\t\t\t\n\t\t\t\t\t\t\t\t\t<h2 class=\"elementor-cta__title elementor-cta__content-item elementor-content-item\">\n\t\t\t\t\t\tAgencia en l\u00ednea Branding\t\t\t\t\t<\/h2>\n\t\t\t\t\n\t\t\t\t\n\t\t\t\t\t\t\t<\/div>\n\t\t\t\t\t\t<\/a>\n\t\t\t\t\t\t<\/div>\n\t\t\t\t<\/div>\n\t\t\t\t<div class=\"elementor-element elementor-element-bbd6b71 elementor-widget__width-initial elementor-invisible elementor-widget elementor-widget-button\" data-id=\"bbd6b71\" data-element_type=\"widget\" data-e-type=\"widget\" data-settings=\"{&quot;_animation&quot;:&quot;fadeInUp&quot;}\" data-widget_type=\"button.default\">\n\t\t\t\t<div class=\"elementor-widget-container\">\n\t\t\t\t\t\t\t\t\t<div class=\"elementor-button-wrapper\">\n\t\t\t\t\t<a class=\"elementor-button elementor-button-link elementor-size-sm\" href=\"https:\/\/branding4wine.com\/es\/online-agency\/\">\n\t\t\t\t\t\t<span class=\"elementor-button-content-wrapper\">\n\t\t\t\t\t\t\t\t\t<span class=\"elementor-button-text\"><img decoding=\"async\" src=\"\/wp-content\/uploads\/2024\/05\/icon_flecha_derecha.png\"><\/span>\n\t\t\t\t\t<\/span>\n\t\t\t\t\t<\/a>\n\t\t\t\t<\/div>\n\t\t\t\t\t\t\t\t<\/div>\n\t\t\t\t<\/div>\n\t\t\t\t<\/div>\n\t\t<div class=\"elementor-element elementor-element-7a6c784 e-con-full e-flex e-con e-child\" data-id=\"7a6c784\" data-element_type=\"container\" data-e-type=\"container\">\n\t\t\t\t<div class=\"elementor-element elementor-element-273f677 elementor-cta--skin-cover elementor-invisible elementor-widget elementor-widget-call-to-action\" data-id=\"273f677\" data-element_type=\"widget\" data-e-type=\"widget\" data-settings=\"{&quot;_animation&quot;:&quot;fadeIn&quot;}\" data-widget_type=\"call-to-action.default\">\n\t\t\t\t<div class=\"elementor-widget-container\">\n\t\t\t\t\t\t\t<a class=\"elementor-cta\" href=\"https:\/\/branding4wine.com\/es\/branding\/\">\n\t\t\t\t\t<div class=\"elementor-cta__bg-wrapper\">\n\t\t\t\t<div class=\"elementor-cta__bg elementor-bg\" style=\"background-image: url(https:\/\/branding4wine.com\/wp-content\/uploads\/2024\/05\/content_CTA.webp);\" role=\"img\" aria-label=\"contenido_CTA\"><\/div>\n\t\t\t\t<div class=\"elementor-cta__bg-overlay\"><\/div>\n\t\t\t<\/div>\n\t\t\t\t\t\t\t<div class=\"elementor-cta__content\">\n\t\t\t\t\n\t\t\t\t\t\t\t\t\t<h2 class=\"elementor-cta__title elementor-cta__content-item elementor-content-item\">\n\t\t\t\t\t\tMarca\t\t\t\t\t<\/h2>\n\t\t\t\t\n\t\t\t\t\n\t\t\t\t\t\t\t<\/div>\n\t\t\t\t\t\t<\/a>\n\t\t\t\t\t\t<\/div>\n\t\t\t\t<\/div>\n\t\t\t\t<div class=\"elementor-element elementor-element-cea0b74 elementor-widget__width-initial elementor-invisible elementor-widget elementor-widget-button\" data-id=\"cea0b74\" data-element_type=\"widget\" data-e-type=\"widget\" data-settings=\"{&quot;_animation&quot;:&quot;fadeInUp&quot;}\" data-widget_type=\"button.default\">\n\t\t\t\t<div class=\"elementor-widget-container\">\n\t\t\t\t\t\t\t\t\t<div class=\"elementor-button-wrapper\">\n\t\t\t\t\t<a class=\"elementor-button elementor-button-link elementor-size-sm\" href=\"\/es\/branding\/\">\n\t\t\t\t\t\t<span class=\"elementor-button-content-wrapper\">\n\t\t\t\t\t\t\t\t\t<span class=\"elementor-button-text\"><img decoding=\"async\" src=\"\/wp-content\/uploads\/2024\/05\/icon_flecha_derecha.png\"><\/span>\n\t\t\t\t\t<\/span>\n\t\t\t\t\t<\/a>\n\t\t\t\t<\/div>\n\t\t\t\t\t\t\t\t<\/div>\n\t\t\t\t<\/div>\n\t\t\t\t<\/div>\n\t\t\t\t\t<\/div>\n\t\t\t\t<\/div>\n\t\t<div class=\"elementor-element elementor-element-8a99488 e-con-full e-flex e-con e-parent\" data-id=\"8a99488\" data-element_type=\"container\" data-e-type=\"container\" data-settings=\"{&quot;background_background&quot;:&quot;classic&quot;}\">\n\t\t<div class=\"elementor-element elementor-element-ff6d7d6 e-con-full e-flex elementor-invisible e-con e-child\" data-id=\"ff6d7d6\" data-element_type=\"container\" data-e-type=\"container\" data-settings=\"{&quot;animation&quot;:&quot;fadeInLeft&quot;}\">\n\t\t\t\t<div class=\"elementor-element elementor-element-c073015 elementor-widget elementor-widget-image\" data-id=\"c073015\" data-element_type=\"widget\" data-e-type=\"widget\" data-widget_type=\"image.default\">\n\t\t\t\t<div class=\"elementor-widget-container\">\n\t\t\t\t\t\t\t\t\t\t\t\t\t\t\t<img fetchpriority=\"high\" decoding=\"async\" width=\"960\" height=\"640\" src=\"https:\/\/branding4wine.com\/wp-content\/uploads\/2024\/05\/content_over-melvin.webp\" class=\"attachment-full size-full wp-image-535\" alt=\"\" srcset=\"https:\/\/branding4wine.com\/wp-content\/uploads\/2024\/05\/content_over-melvin.webp 960w, https:\/\/branding4wine.com\/wp-content\/uploads\/2024\/05\/content_over-melvin-300x200.webp 300w, https:\/\/branding4wine.com\/wp-content\/uploads\/2024\/05\/content_over-melvin-768x512.webp 768w\" sizes=\"(max-width: 960px) 100vw, 960px\" \/>\t\t\t\t\t\t\t\t\t\t\t\t\t\t\t<\/div>\n\t\t\t\t<\/div>\n\t\t\t\t<\/div>\n\t\t<div class=\"elementor-element elementor-element-55991a4 e-con-full e-flex elementor-invisible e-con e-child\" data-id=\"55991a4\" data-element_type=\"container\" data-e-type=\"container\" data-settings=\"{&quot;animation&quot;:&quot;fadeInRight&quot;}\">\n\t\t\t\t<div class=\"elementor-element elementor-element-5828dc6 elementor-widget elementor-widget-heading\" data-id=\"5828dc6\" data-element_type=\"widget\" data-e-type=\"widget\" data-widget_type=\"heading.default\">\n\t\t\t\t<div class=\"elementor-widget-container\">\n\t\t\t\t\t<h2 class=\"elementor-heading-title elementor-size-default\">Sobre Melvin<\/h2>\t\t\t\t<\/div>\n\t\t\t\t<\/div>\n\t\t\t\t<div class=\"elementor-element elementor-element-18d1eb1 elementor-widget elementor-widget-text-editor\" data-id=\"18d1eb1\" data-element_type=\"widget\" data-e-type=\"widget\" data-widget_type=\"text-editor.default\">\n\t\t\t\t<div class=\"elementor-widget-container\">\n\t\t\t\t\t\t\t\t\t<p><strong>Conozca a Melvin: el entusiasta del vino detr\u00e1s de Branding 4 Wine<\/strong><\/p><p>Melvin es la fuerza motriz de Branding 4 Wine. Con una arraigada pasi\u00f3n por el vino y un gran ojo para el marketing, aporta una mezcla \u00fanica de experiencia y entusiasmo a cada proyecto. Como Vinoloog registrado, los conocimientos de Melvin sobre el vino son amplios y variados, y abarcan desde los matices de la cata de vinos hasta las complejidades del marketing del vino.<\/p>\t\t\t\t\t\t\t\t<\/div>\n\t\t\t\t<\/div>\n\t\t\t\t<div class=\"elementor-element elementor-element-cc27082 secondary-button elementor-widget elementor-widget-button\" data-id=\"cc27082\" data-element_type=\"widget\" data-e-type=\"widget\" data-widget_type=\"button.default\">\n\t\t\t\t<div class=\"elementor-widget-container\">\n\t\t\t\t\t\t\t\t\t<div class=\"elementor-button-wrapper\">\n\t\t\t\t\t<a class=\"elementor-button elementor-button-link elementor-size-sm\" href=\"https:\/\/branding4wine.com\/es\/about\/\">\n\t\t\t\t\t\t<span class=\"elementor-button-content-wrapper\">\n\t\t\t\t\t\t\t\t\t<span class=\"elementor-button-text\">Seguir leyendo<\/span>\n\t\t\t\t\t<\/span>\n\t\t\t\t\t<\/a>\n\t\t\t\t<\/div>\n\t\t\t\t\t\t\t\t<\/div>\n\t\t\t\t<\/div>\n\t\t\t\t<\/div>\n\t\t\t\t<\/div>\n\t\t<div class=\"elementor-element elementor-element-082302b e-con-full e-flex e-con e-parent\" data-id=\"082302b\" data-element_type=\"container\" data-e-type=\"container\" data-settings=\"{&quot;background_background&quot;:&quot;classic&quot;}\">\n\t\t<div class=\"elementor-element elementor-element-c2d084a e-flex e-con-boxed e-con e-child\" data-id=\"c2d084a\" data-element_type=\"container\" data-e-type=\"container\">\n\t\t\t\t\t<div class=\"e-con-inner\">\n\t\t<div class=\"elementor-element elementor-element-a33ad2d e-con-full e-flex elementor-invisible e-con e-child\" data-id=\"a33ad2d\" data-element_type=\"container\" data-e-type=\"container\" data-settings=\"{&quot;background_background&quot;:&quot;classic&quot;,&quot;animation&quot;:&quot;fadeInUp&quot;}\">\n\t\t<div class=\"elementor-element elementor-element-9e8bb1f e-con-full e-flex e-con e-child\" data-id=\"9e8bb1f\" data-element_type=\"container\" data-e-type=\"container\">\n\t\t\t\t<div class=\"elementor-element elementor-element-eeb9d9a elementor-widget elementor-widget-heading\" data-id=\"eeb9d9a\" data-element_type=\"widget\" data-e-type=\"widget\" data-widget_type=\"heading.default\">\n\t\t\t\t<div class=\"elementor-widget-container\">\n\t\t\t\t\t<h2 class=\"elementor-heading-title elementor-size-default\">Empresarios vin\u00edcolas <\/h2>\t\t\t\t<\/div>\n\t\t\t\t<\/div>\n\t\t\t\t<div class=\"elementor-element elementor-element-083686f elementor-widget elementor-widget-heading\" data-id=\"083686f\" data-element_type=\"widget\" data-e-type=\"widget\" data-widget_type=\"heading.default\">\n\t\t\t\t<div class=\"elementor-widget-container\">\n\t\t\t\t\t<h3 class=\"elementor-heading-title elementor-size-default\">que <span class=\"heading-bold\">amor<\/span> us<\/h3>\t\t\t\t<\/div>\n\t\t\t\t<\/div>\n\t\t\t\t<\/div>\n\t\t\t\t<div class=\"elementor-element elementor-element-8f274ad elementor-widget__width-initial elementor-testimonial--skin-default elementor-testimonial--layout-image_inline elementor-testimonial--align-center elementor-widget elementor-widget-global elementor-global-1350 elementor-widget-testimonial-carousel\" data-id=\"8f274ad\" data-element_type=\"widget\" data-e-type=\"widget\" data-settings=\"{&quot;slides_per_view&quot;:&quot;1&quot;,&quot;slides_to_scroll&quot;:&quot;1&quot;,&quot;speed&quot;:500,&quot;autoplay&quot;:&quot;yes&quot;,&quot;autoplay_speed&quot;:5000,&quot;loop&quot;:&quot;yes&quot;,&quot;pause_on_hover&quot;:&quot;yes&quot;,&quot;pause_on_interaction&quot;:&quot;yes&quot;,&quot;space_between&quot;:{&quot;unit&quot;:&quot;px&quot;,&quot;size&quot;:10,&quot;sizes&quot;:[]},&quot;space_between_tablet&quot;:{&quot;unit&quot;:&quot;px&quot;,&quot;size&quot;:10,&quot;sizes&quot;:[]},&quot;space_between_mobile&quot;:{&quot;unit&quot;:&quot;px&quot;,&quot;size&quot;:10,&quot;sizes&quot;:[]}}\" data-widget_type=\"testimonial-carousel.default\">\n\t\t\t\t<div class=\"elementor-widget-container\">\n\t\t\t\t\t\t\t\t\t<div class=\"elementor-swiper\">\n\t\t\t\t\t<div class=\"elementor-main-swiper swiper\" role=\"region\" aria-roledescription=\"carousel\" aria-label=\"Diapositivas\">\n\t\t\t\t<div class=\"swiper-wrapper\">\n\t\t\t\t\t\t\t\t\t\t\t<div class=\"swiper-slide\" role=\"group\" aria-roledescription=\"slide\">\n\t\t\t\t\t\t\t\t\t<div class=\"elementor-testimonial\">\n\t\t\t\t\t\t\t<div class=\"elementor-testimonial__content\">\n\t\t\t\t\t<div class=\"elementor-testimonial__text\">\n\t\t\t\t\t\t<span class=\"testimonial-star\">\u2605\u2605\u2605\u2605\u2605<\/span><br><br>\n\n\"\u00a1Het was hartstikke leuk om een salestraining van Melvin te krijgen! Melvin verteld helder en duidelijk vanuit zijn inzichten en ervaringen hoe je het best kan verkopen. Tambi\u00e9n hemos preparado una sesi\u00f3n interactiva para inspirarnos. Ha sido una formaci\u00f3n bonita, divertida y agradable.\n\nDankjewel nogmaals!\"\t\t\t\t\t<\/div>\n\t\t\t\t\t\t\t\t\t<\/div>\n\t\t\t\t\t\t<div class=\"elementor-testimonial__footer\">\n\t\t\t\t\t\t\t\t<cite class=\"elementor-testimonial__cite\"><span class=\"elementor-testimonial__name\">Oprichter Food La Route<\/span><span class=\"elementor-testimonial__title\">Ren\u00e9e Turion<\/span><\/cite>\t\t\t<\/div>\n\t\t<\/div>\n\t\t\t\t\t\t\t\t<\/div>\n\t\t\t\t\t\t\t\t\t\t\t<div class=\"swiper-slide\" role=\"group\" aria-roledescription=\"slide\">\n\t\t\t\t\t\t\t\t\t<div class=\"elementor-testimonial\">\n\t\t\t\t\t\t\t<div class=\"elementor-testimonial__content\">\n\t\t\t\t\t<div class=\"elementor-testimonial__text\">\n\t\t\t\t\t\t<span class=\"testimonial-star\">\u2605\u2605\u2605\u2605\u2605<\/span><br><br>\n\n\"Melvin tiene mucha vitamina R: las relaciones adecuadas. Como profesional, es una ara\u00f1a en la tela. A base de pelearse conmigo y de escucharme atentamente, ha puesto en contacto conmigo a los socios adecuados. Eso ha dado un gran impulso a las ventas de mi sitio web\".\t\t\t\t\t<\/div>\n\t\t\t\t\t\t\t\t\t<\/div>\n\t\t\t\t\t\t<div class=\"elementor-testimonial__footer\">\n\t\t\t\t\t\t\t\t<cite class=\"elementor-testimonial__cite\"><span class=\"elementor-testimonial__name\">El vino de Madeira hoy<\/span><span class=\"elementor-testimonial__title\">Jeroen Bronkhorst<\/span><\/cite>\t\t\t<\/div>\n\t\t<\/div>\n\t\t\t\t\t\t\t\t<\/div>\n\t\t\t\t\t\t\t\t\t\t\t<div class=\"swiper-slide\" role=\"group\" aria-roledescription=\"slide\">\n\t\t\t\t\t\t\t\t\t<div class=\"elementor-testimonial\">\n\t\t\t\t\t\t\t<div class=\"elementor-testimonial__content\">\n\t\t\t\t\t<div class=\"elementor-testimonial__text\">\n\t\t\t\t\t\t<span class=\"testimonial-star\">\u2605\u2605\u2605\u2605\u2605<\/span><br><br>\n\n\"Trabajar con Branding 4 Wine ha transformado nuestro negocio. Melvin y su equipo nos han proporcionado servicios inform\u00e1ticos de primera categor\u00eda y estrategias innovadoras de marketing online que han impulsado nuestra visibilidad y nuestras ventas. Su experiencia en la industria del vino es incomparable. Recomendamos encarecidamente sus servicios a cualquier marca de vino que desee aumentar su presencia en Internet. - Beermann Wijnimport\".\t\t\t\t\t<\/div>\n\t\t\t\t\t\t\t\t\t<\/div>\n\t\t\t\t\t\t<div class=\"elementor-testimonial__footer\">\n\t\t\t\t\t\t\t\t<cite class=\"elementor-testimonial__cite\"><span class=\"elementor-testimonial__name\">Beermann Wijnimport<\/span><\/cite>\t\t\t<\/div>\n\t\t<\/div>\n\t\t\t\t\t\t\t\t<\/div>\n\t\t\t\t\t\t\t\t\t\t\t<div class=\"swiper-slide\" role=\"group\" aria-roledescription=\"slide\">\n\t\t\t\t\t\t\t\t\t<div class=\"elementor-testimonial\">\n\t\t\t\t\t\t\t<div class=\"elementor-testimonial__content\">\n\t\t\t\t\t<div class=\"elementor-testimonial__text\">\n\t\t\t\t\t\t<span class=\"testimonial-star\">\u2605\u2605\u2605\u2605\u2605<\/span><br><br>\n\n\"Branding 4 Wine ha sido fundamental para mejorar nuestra infraestructura inform\u00e1tica. El profundo conocimiento de Melvin de nuestras necesidades y su excepcional servicio han mejorado significativamente nuestras operaciones. Sus soluciones r\u00e1pidas y eficientes nos han permitido centrarnos en nuestra actividad principal. No podr\u00edamos estar m\u00e1s contentos con los resultados\".\t\t\t\t\t<\/div>\n\t\t\t\t\t\t\t\t\t<\/div>\n\t\t\t\t\t\t<div class=\"elementor-testimonial__footer\">\n\t\t\t\t\t\t\t\t<cite class=\"elementor-testimonial__cite\"><span class=\"elementor-testimonial__name\">J\u00e9roboam Wijn<\/span><\/cite>\t\t\t<\/div>\n\t\t<\/div>\n\t\t\t\t\t\t\t\t<\/div>\n\t\t\t\t\t\t\t\t\t\t\t<div class=\"swiper-slide\" role=\"group\" aria-roledescription=\"slide\">\n\t\t\t\t\t\t\t\t\t<div class=\"elementor-testimonial\">\n\t\t\t\t\t\t\t<div class=\"elementor-testimonial__content\">\n\t\t\t\t\t<div class=\"elementor-testimonial__text\">\n\t\t\t\t\t\t<span class=\"testimonial-star\">\u2605\u2605\u2605\u2605\u2605<\/span><br><br>\n\n\"Nuestra colaboraci\u00f3n con Branding 4 Wine ha cambiado las reglas del juego de Bodegas Ca\u00f1averas. Gracias a su enfoque estrat\u00e9gico y a su profundo conocimiento del mercado, hemos ampliado con \u00e9xito nuestra gama de productos en los Pa\u00edses Bajos. Estamos encantados con los resultados y recomendamos encarecidamente su experiencia\".\t\t\t\t\t<\/div>\n\t\t\t\t\t\t\t\t\t<\/div>\n\t\t\t\t\t\t<div class=\"elementor-testimonial__footer\">\n\t\t\t\t\t\t\t\t<cite class=\"elementor-testimonial__cite\"><span class=\"elementor-testimonial__name\">Bodegas Ca\u00f1averas<\/span><\/cite>\t\t\t<\/div>\n\t\t<\/div>\n\t\t\t\t\t\t\t\t<\/div>\n\t\t\t\t\t\t\t\t\t<\/div>\n\t\t\t\t\t\t\t\t\t\t\t\t\t\t\t\t\t\t\t\t\t<\/div>\n\t\t\t\t<\/div>\n\t\t\t\t\t\t\t\t<\/div>\n\t\t\t\t<\/div>\n\t\t\t\t<\/div>\n\t\t\t\t\t<\/div>\n\t\t\t\t<\/div>\n\t\t\t\t<\/div>\n\t\t<div class=\"elementor-element elementor-element-4207b1e e-con-full e-flex e-con e-parent\" data-id=\"4207b1e\" data-element_type=\"container\" data-e-type=\"container\" data-settings=\"{&quot;background_background&quot;:&quot;classic&quot;}\">\n\t\t<div class=\"elementor-element elementor-element-7697af2 e-con-full e-flex elementor-invisible e-con e-child\" data-id=\"7697af2\" data-element_type=\"container\" data-e-type=\"container\" data-settings=\"{&quot;animation&quot;:&quot;fadeInLeft&quot;}\">\n\t\t\t\t<div class=\"elementor-element elementor-element-96af2b0 elementor-absolute elementor-widget elementor-widget-image\" data-id=\"96af2b0\" data-element_type=\"widget\" data-e-type=\"widget\" data-settings=\"{&quot;_position&quot;:&quot;absolute&quot;}\" data-widget_type=\"image.default\">\n\t\t\t\t<div class=\"elementor-widget-container\">\n\t\t\t\t\t\t\t\t\t\t\t\t\t\t\t<img decoding=\"async\" width=\"110\" height=\"109\" src=\"https:\/\/branding4wine.com\/wp-content\/uploads\/2024\/05\/brand_logo-thin.webp\" class=\"attachment-full size-full wp-image-622\" alt=\"\" \/>\t\t\t\t\t\t\t\t\t\t\t\t\t\t\t<\/div>\n\t\t\t\t<\/div>\n\t\t\t\t<div class=\"elementor-element elementor-element-df075d3 elementor-widget elementor-widget-heading\" data-id=\"df075d3\" data-element_type=\"widget\" data-e-type=\"widget\" data-widget_type=\"heading.default\">\n\t\t\t\t<div class=\"elementor-widget-container\">\n\t\t\t\t\t<h2 class=\"elementor-heading-title elementor-size-default\">\u00bfListo para empezar? \u00a1Elevemos juntos su marca de vino!<\/h2>\t\t\t\t<\/div>\n\t\t\t\t<\/div>\n\t\t\t\t<div class=\"elementor-element elementor-element-6199f4c elementor-widget elementor-widget-text-editor\" data-id=\"6199f4c\" data-element_type=\"widget\" data-e-type=\"widget\" data-widget_type=\"text-editor.default\">\n\t\t\t\t<div class=\"elementor-widget-container\">\n\t\t\t\t\t\t\t\t\tEn Branding 4 Wine, nos apasiona ayudar a las marcas de vino a prosperar en un mercado competitivo. Tanto si necesita servicios inform\u00e1ticos expertos, estrategias innovadoras de marketing online o formaci\u00f3n integral sobre el vino, estamos aqu\u00ed para hacerlo realidad.\t\t\t\t\t\t\t\t<\/div>\n\t\t\t\t<\/div>\n\t\t\t\t<div class=\"elementor-element elementor-element-9a95feb secondary-button-orange elementor-widget elementor-widget-button\" data-id=\"9a95feb\" data-element_type=\"widget\" data-e-type=\"widget\" data-widget_type=\"button.default\">\n\t\t\t\t<div class=\"elementor-widget-container\">\n\t\t\t\t\t\t\t\t\t<div class=\"elementor-button-wrapper\">\n\t\t\t\t\t<a class=\"elementor-button elementor-button-link elementor-size-sm\" href=\"https:\/\/branding4wine.com\/es\/contact\/\">\n\t\t\t\t\t\t<span class=\"elementor-button-content-wrapper\">\n\t\t\t\t\t\t\t\t\t<span class=\"elementor-button-text\">Reun\u00e1monos<\/span>\n\t\t\t\t\t<\/span>\n\t\t\t\t\t<\/a>\n\t\t\t\t<\/div>\n\t\t\t\t\t\t\t\t<\/div>\n\t\t\t\t<\/div>\n\t\t\t\t<\/div>\n\t\t<div class=\"elementor-element elementor-element-d1051e4 e-con-full e-flex elementor-invisible e-con e-child\" data-id=\"d1051e4\" data-element_type=\"container\" data-e-type=\"container\" data-settings=\"{&quot;animation&quot;:&quot;fadeInRight&quot;}\">\n\t\t\t\t<div class=\"elementor-element elementor-element-306e014 elementor-widget elementor-widget-image\" data-id=\"306e014\" data-element_type=\"widget\" data-e-type=\"widget\" data-widget_type=\"image.default\">\n\t\t\t\t<div class=\"elementor-widget-container\">\n\t\t\t\t\t\t\t\t\t\t\t\t\t\t\t<img decoding=\"async\" width=\"2560\" height=\"1707\" src=\"https:\/\/branding4wine.com\/wp-content\/uploads\/2024\/08\/Sales-Foto-min-scaled.jpg\" class=\"attachment-full size-full wp-image-1649\" alt=\"\" srcset=\"https:\/\/branding4wine.com\/wp-content\/uploads\/2024\/08\/Sales-Foto-min-scaled.jpg 2560w, https:\/\/branding4wine.com\/wp-content\/uploads\/2024\/08\/Sales-Foto-min-300x200.jpg 300w, https:\/\/branding4wine.com\/wp-content\/uploads\/2024\/08\/Sales-Foto-min-1024x683.jpg 1024w, https:\/\/branding4wine.com\/wp-content\/uploads\/2024\/08\/Sales-Foto-min-768x512.jpg 768w, https:\/\/branding4wine.com\/wp-content\/uploads\/2024\/08\/Sales-Foto-min-1536x1024.jpg 1536w, https:\/\/branding4wine.com\/wp-content\/uploads\/2024\/08\/Sales-Foto-min-2048x1365.jpg 2048w\" sizes=\"(max-width: 2560px) 100vw, 2560px\" \/>\t\t\t\t\t\t\t\t\t\t\t\t\t\t\t<\/div>\n\t\t\t\t<\/div>\n\t\t\t\t<\/div>\n\t\t\t\t<\/div>\n\t\t<div class=\"elementor-element elementor-element-27c4116 e-flex e-con-boxed e-con e-parent\" data-id=\"27c4116\" data-element_type=\"container\" data-e-type=\"container\">\n\t\t\t\t\t<div class=\"e-con-inner\">\n\t\t\t\t\t<\/div>\n\t\t\t\t<\/div>\n\t\t\t\t<\/div>","protected":false},"excerpt":{"rendered":"<p>The online agency that speaks &#038; understands wine Online agency Branding Branding About Melvin Meet Melvin: The Wine Enthusiast Behind Branding 4 Wine Melvin is the driving force behind Branding 4 Wine. With a deep-rooted passion for wine and a keen eye for marketing, he brings a unique blend of expertise and enthusiasm to every [&hellip;]<\/p>","protected":false},"author":2,"featured_media":0,"parent":0,"menu_order":0,"comment_status":"closed","ping_status":"closed","template":"","meta":{"footnotes":""},"class_list":["post-328","page","type-page","status-publish","hentry"],"_links":{"self":[{"href":"https:\/\/branding4wine.com\/es\/wp-json\/wp\/v2\/pages\/328","targetHints":{"allow":["GET"]}}],"collection":[{"href":"https:\/\/branding4wine.com\/es\/wp-json\/wp\/v2\/pages"}],"about":[{"href":"https:\/\/branding4wine.com\/es\/wp-json\/wp\/v2\/types\/page"}],"author":[{"embeddable":true,"href":"https:\/\/branding4wine.com\/es\/wp-json\/wp\/v2\/users\/2"}],"replies":[{"embeddable":true,"href":"https:\/\/branding4wine.com\/es\/wp-json\/wp\/v2\/comments?post=328"}],"version-history":[{"count":403,"href":"https:\/\/branding4wine.com\/es\/wp-json\/wp\/v2\/pages\/328\/revisions"}],"predecessor-version":[{"id":1734,"href":"https:\/\/branding4wine.com\/es\/wp-json\/wp\/v2\/pages\/328\/revisions\/1734"}],"wp:attachment":[{"href":"https:\/\/branding4wine.com\/es\/wp-json\/wp\/v2\/media?parent=328"}],"curies":[{"name":"wp","href":"https:\/\/api.w.org\/{rel}","templated":true}]}}