{"id":3,"date":"2024-05-19T02:54:51","date_gmt":"2024-05-19T02:54:51","guid":{"rendered":"https:\/\/branding4wine.com\/?page_id=3"},"modified":"2024-08-15T07:12:13","modified_gmt":"2024-08-15T07:12:13","slug":"privacyverklaring","status":"publish","type":"page","link":"https:\/\/branding4wine.com\/fr\/privacyverklaring\/","title":{"rendered":"Protection de la vie priv\u00e9e"},"content":{"rendered":"<div data-elementor-type=\"wp-page\" data-elementor-id=\"3\" class=\"elementor elementor-3\" data-elementor-post-type=\"page\">\n\t\t\t\t<div class=\"elementor-element elementor-element-cb4c590 e-con-full e-flex e-con e-parent\" data-id=\"cb4c590\" data-element_type=\"container\" data-e-type=\"container\" data-settings=\"{&quot;background_background&quot;:&quot;classic&quot;}\">\n\t\t\t\t<div class=\"elementor-element elementor-element-fc75f1a elementor-widget-mobile__width-initial elementor-widget-tablet__width-initial elementor-widget__width-initial elementor-widget-divider--view-line elementor-widget elementor-widget-divider\" data-id=\"fc75f1a\" data-element_type=\"widget\" data-e-type=\"widget\" data-widget_type=\"divider.default\">\n\t\t\t\t<div class=\"elementor-widget-container\">\n\t\t\t\t\t\t\t<div class=\"elementor-divider\">\n\t\t\t<span class=\"elementor-divider-separator\">\n\t\t\t\t\t\t<\/span>\n\t\t<\/div>\n\t\t\t\t\t\t<\/div>\n\t\t\t\t<\/div>\n\t\t\t\t<div class=\"elementor-element elementor-element-8d36ef5 elementor-widget-mobile__width-auto elementor-widget-tablet__width-auto elementor-widget elementor-widget-heading\" data-id=\"8d36ef5\" data-element_type=\"widget\" data-e-type=\"widget\" data-widget_type=\"heading.default\">\n\t\t\t\t<div class=\"elementor-widget-container\">\n\t\t\t\t\t<h1 class=\"elementor-heading-title elementor-size-default\">Protection de la vie priv\u00e9e<\/h1>\t\t\t\t<\/div>\n\t\t\t\t<\/div>\n\t\t\t\t<\/div>\n\t\t<div class=\"elementor-element elementor-element-16b6faa e-flex e-con-boxed elementor-invisible e-con e-parent\" data-id=\"16b6faa\" data-element_type=\"container\" data-e-type=\"container\" data-settings=\"{&quot;background_background&quot;:&quot;classic&quot;,&quot;animation&quot;:&quot;fadeInUp&quot;}\">\n\t\t\t\t\t<div class=\"e-con-inner\">\n\t\t\t\t<div class=\"elementor-element elementor-element-ca04075 elementor-widget elementor-widget-text-editor\" data-id=\"ca04075\" data-element_type=\"widget\" data-e-type=\"widget\" data-widget_type=\"text-editor.default\">\n\t\t\t\t<div class=\"elementor-widget-container\">\n\t\t\t\t\t\t\t\t\t<h2><b>Vie priv\u00e9e et clause de non-responsabilit\u00e9<\/b><\/h2><p><span style=\"font-weight: 400;\">Branding 4 Wine respecte la vie priv\u00e9e des utilisateurs de son site web dans le respect des droits des utilisateurs en ce qui concerne le traitement des donn\u00e9es personnelles. Gr\u00e2ce \u00e0 une transparence totale avec nos clients, nous sommes en mesure d'offrir un service de qualit\u00e9 \u00e0 nos clients.<\/span><span style=\"font-weight: 400;\">n<\/span><span style=\"font-weight: 400;\">teresseerden hebben wij daarom een beleid geformuleerd en ge\u00ef<\/span><span style=\"font-weight: 400;\">m<\/span><span style=\"font-weight: 400;\">En ce qui concerne la protection des droits de l'homme, il est n\u00e9cessaire de prendre en compte les droits de l'homme pour les citoyens afin d'\u00e9viter que leurs droits ne soient affect\u00e9s.<\/span><\/p><p><span style=\"font-weight: 400;\">Pour obtenir des informations compl\u00e8tes sur l'enregistrement des donn\u00e9es \u00e0 caract\u00e8re personnel, vous pouvez consulter le site web de l'Autorit\u00e9 des donn\u00e9es \u00e0 caract\u00e8re personnel :\u00a0<\/span><a href=\"http:\/\/autoriteitpersoonsgegevens.nl\/nl\"><span style=\"font-weight: 400;\">http:\/\/autoriteitpersoonsgegevens.nl\/nl<\/span><\/a><span style=\"font-weight: 400;\">.<\/span><span style=\"font-weight: 400;\"><br \/><\/span><span style=\"font-weight: 400;\">Si vous acceptez l'utilisation de cookies ou d'autres syst\u00e8mes de suivi sur le site web, nous ne pla\u00e7ons aucun cookie analytique sur votre ordinateur, t\u00e9l\u00e9phone portable ou tablette. Dans le cadre de la consultation de ce site web, vous acceptez les droits d'utilisation suivants.<\/span><\/p><p><b>Article 1 - Traitements de surface<\/b><\/p><ol><li style=\"font-weight: 400;\" aria-level=\"1\"><span style=\"font-weight: 400;\">Site web (hierna ook \"De website\") : branding4wine.com<\/span><\/li><li style=\"font-weight: 400;\" aria-level=\"1\"><span style=\"font-weight: 400;\">Verantwoordelijke voor de verwerking van persoonsgegevens (Hierna ook \"de beheerder\") : 4 Wine b.v. , gevestigd te Trasmolenlaan 12, 3447 GZ Woerden, kvk- nummer 93579365.<\/span><\/li><\/ol><p><b>Article 2 - Acc\u00e8s au site web<\/b><\/p><p><span style=\"font-weight: 400;\">Le lien avec le site web et son utilisation est strictement personnel. Vous ne pouvez pas utiliser ce site web, ni les donn\u00e9es et informations qui y sont contenues, \u00e0 des fins commerciales.<\/span><span style=\"font-weight: 400;\">l<\/span><span style=\"font-weight: 400;\">e, politieke of publicitaire doeleinden, dan wel voor enige commerci\u00eb<\/span><span style=\"font-weight: 400;\">l<\/span><span style=\"font-weight: 400;\">e aanbiedingen en het bijzonder niet gebruiken voor ongevraagde elektronische aanbiedingen.<\/span><\/p><p><b>Article 3 - Le contenu du site web<\/b><\/p><p><span style=\"font-weight: 400;\">Tous les messages, images, textes, commentaires, illustrations, (animations) dessins, vid\u00e9os, graphiques, ainsi que toutes les applications techniques qui peuvent \u00eatre utilis\u00e9es pour faire fonctionner le site web et, plus g\u00e9n\u00e9ralement, tous les \u00e9l\u00e9ments qui sont utilis\u00e9s sur ce site web, sont soumis \u00e0 des droits de propri\u00e9t\u00e9 intellectuelle. Toute reproduction, exploitation, utilisation ou transmission, de quelque mani\u00e8re que ce soit ou non, de l'image ou d'une partie de l'image, \u00e0 l'aide d'applications techniques, par l'interm\u00e9diaire d'un m\u00e9canisme de contr\u00f4le de la conformit\u00e9 \u00e0 la loi, est interdite. Indien de beheerder niet meteen actie onderneemt tegen enig inbreuk, kan dat niet worden opgevat als stilzwijgende toestemming dan wel het afzien van rechtsvervolging.<\/span><\/p><p><b>Article 4 - Le d\u00e9veloppement du site web<\/b><\/p><p><span style=\"font-weight: 400;\">Pour une bonne consultation du site web, il faut que le visiteur soit pr\u00e9sent \u00e0 tout moment :<\/span><\/p><ul><li style=\"font-weight: 400;\" aria-level=\"1\"><span style=\"font-weight: 400;\">L'acc\u00e8s \u00e0 une cat\u00e9gorie particuli\u00e8re de b\u00e9zo\u00efciens est interdit, interdit ou interdit \u00e0 l'ensemble ou \u00e0 une partie du site web.<\/span><\/li><\/ul><ul><li style=\"font-weight: 400;\" aria-level=\"1\"><span style=\"font-weight: 400;\">Toutes les informations relatives au fonctionnement du site Web peuvent \u00eatre utilis\u00e9es, qu'il s'agisse d'informations relatives \u00e0 la l\u00e9gislation nationale ou internationale ou \u00e0 l'\u00e9tiquette Internet.<\/span><\/li><li style=\"font-weight: 400;\" aria-level=\"1\"><span style=\"font-weight: 400;\">Le site web n'est pas encore en \u00e9tat de marche et les mises \u00e0 jour ne sont pas encore disponibles.<\/span><\/li><\/ul><p><b>Article 5 - Les droits d'auteur<\/b><\/p><p><span style=\"font-weight: 400;\">L'utilisateur n'est en aucun cas responsable des erreurs, du stockage, de la modification ou de l'alt\u00e9ration du fonctionnement du site web, \u00e0 moins que le site web ou l'une de ses fonctionnalit\u00e9s ne soit pas satisfaisante. La raison pour laquelle vous avez besoin d'une aide verbale sur le site web est votre propre responsabilit\u00e9. Vous devez vous-m\u00eame prendre toutes les mesures n\u00e9cessaires pour prot\u00e9ger votre appareil et vos donn\u00e9es contre les virus, entre autres, qui s\u00e9vissent sur Internet. Vous \u00eates donc responsable des sites web et des donn\u00e9es que vous utilisez sur l'internet.<\/span><\/p><p><span style=\"font-weight: 400;\">L'auteur n'est pas responsable des proc\u00e9dures juridiques qui ont \u00e9t\u00e9 engag\u00e9es \u00e0 son encontre :<\/span><\/p><ul><li style=\"font-weight: 400;\" aria-level=\"1\"><span style=\"font-weight: 400;\">par l'utilisation du site web ou des services via l'internet<\/span><\/li><li style=\"font-weight: 400;\" aria-level=\"1\"><span style=\"font-weight: 400;\">En cas de non-respect des conditions de cette politique de protection de la vie priv\u00e9e<\/span><\/li><\/ul><p><span style=\"font-weight: 400;\">Le lecteur n'est pas un outil indispensable pour toutes les t\u00e2ches que vous effectuez vous-m\u00eame, mais il peut \u00eatre utilis\u00e9 par votre appareil dans le cadre de l'utilisation du site web. Vous n'aurez pas \u00e0 vous pr\u00e9occuper de toute action de la part du serveur en tant que telle.<\/span><\/p><p><span style=\"font-weight: 400;\">Si l'auteur de la demande est victime d'un acte de malveillance en raison de l'utilisation de ce site web, il est tenu responsable de toutes les fautes qu'il a commises et qui ne sont pas susceptibles d'\u00eatre commises par vous.<\/span><\/p><p><b>Article 6 - La v\u00e9rification des donn\u00e9es<\/b><\/p><p><span style=\"font-weight: 400;\">Nos donn\u00e9es sont v\u00e9rifi\u00e9es par Branding 4 Wine. Les donn\u00e9es personnelles sont mises \u00e0 jour : toutes les informations relatives \u00e0 une entreprise.<\/span><span style=\"font-weight: 400;\">d<\/span><span style=\"font-weight: 400;\">entificeerde of identificeerbare natuurlijke persoon, als identificeerbaar wordt beschouwd een natuurlijke persoon die direct of indirect kan worden ge\u00ef.<\/span><span style=\"font-weight: 400;\">d<\/span><span style=\"font-weight: 400;\">entificeerd, met name aan de hand van een identificator zoals een naam, identificatienummer, locatiegegevens, een online identificator, of een of meer elementen die kenmerkend zijn voor de fysieke, fysiologische, genetische, psychische, economische, culturele of sociale identiteit.<\/span><\/p><p><span style=\"font-weight: 400;\">Les donn\u00e9es personnelles qui figurent sur le site web sont utilis\u00e9es par l'annonceur pour \u00e9tablir des relations avec vous et, \u00e0 l'ext\u00e9rieur, pour vendre vos produits.<\/span><\/p><p><b>Article 7 - Vos droits par rapport \u00e0 vos droits<\/b><\/p><p><span style=\"font-weight: 400;\">En vertu de l'article 13, paragraphe 2, point b), AVG dispose d'un droit diff\u00e9rent en ce qui concerne l'utilisation et la rectification des donn\u00e9es personnelles ou le traitement du travail en question, ainsi que le droit d'exiger que le traitement soit effectu\u00e9 et le droit d'exiger que les donn\u00e9es soient d\u00e9clar\u00e9es exactes. Ces droits peuvent \u00eatre invoqu\u00e9s en prenant contact avec nous via melvin@branding4wine.com. Toute demande de ce type doit \u00eatre accompagn\u00e9e d'une copie d'un document d'identit\u00e9 valable, qui vous a \u00e9t\u00e9 remis, et d'une copie de l'adresse \u00e0 laquelle il est possible d'entrer en contact avec vous. Dans un d\u00e9lai d'un mois \u00e0 compter de la date d'entr\u00e9e en vigueur de la pr\u00e9sente d\u00e9cision, vous devez donner votre avis sur cette d\u00e9cision. En fonction de la complexit\u00e9 de la recherche et du nombre de recherches, ce terme peut \u00eatre modifi\u00e9 apr\u00e8s 2 heures.<\/span><\/p><p><b>Article 8 - V\u00e9rification des donn\u00e9es personnelles<\/b><\/p><p><span style=\"font-weight: 400;\">In geval van schending van enige wet- of regelgeving, waarvan de bezoeker wordt verdacht en waarvoor de autoriteiten persoonsgegevens nodig hebben die de beheerder heeft verzameld, ces donn\u00e9es seront soumises \u00e0 un examen approfondi et motiv\u00e9 des autorit\u00e9s, de sorte que ces donn\u00e9es personnelles ne soient pas utilis\u00e9es \u00e0 d'autres fins que l'application des r\u00e8gles de protection de la vie priv\u00e9e.<\/span><\/p><p><b>Article 9 - Aide aux entreprises<\/b><\/p><p><span style=\"font-weight: 400;\">Vous pouvez faire du commerce<\/span><span style=\"font-weight: 400;\">l<\/span><span style=\"font-weight: 400;\">e aanbiedingen krijgen van de beheerder. Si vous ne souhaitez pas en savoir plus, envoyez-nous un courrier \u00e0 l'adresse suivante : melvin@branding4wine.com<\/span><\/p><p><span style=\"font-weight: 400;\">Si, lors de la consultation du site web, vous prenez connaissance de certaines donn\u00e9es personnelles, vous devez vous attendre \u00e0 ce qu'elles soient prises en compte dans le cadre de l'utilisation du site web ou de toute autre utilisation non autoris\u00e9e, ainsi que dans le cadre de l'utilisation du site web par une personne dont les revenus personnels sont inf\u00e9rieurs \u00e0 ceux de la personne en question. De beheerder is in geen geval verantwoordelijk in bovengenoemde situaties.<\/span><\/p><p><b>Article 10 - Les droits d'auteur<\/b><\/p><p><span style=\"font-weight: 400;\">Les r\u00e8gles \u00e9nonc\u00e9es par le propri\u00e9taire du site Web sont appliqu\u00e9es et prises en compte pour le traitement des demandes, m\u00eame si elles sont soumises \u00e0 l'humidit\u00e9.<\/span><\/p><p><b>Article 11 - Biscuits<\/b><\/p><p><span style=\"font-weight: 400;\">Un cookie est un petit support technique qui, lors d'une visite sur un site web, est plac\u00e9 sur le disque dur de votre ordinateur. Un cookie donne des indications sur le fait que vous pouvez \u00eatre inform\u00e9 lors de chaque visite sur notre site web en tant qu'utilisateur. Il est donc n\u00e9cessaire que notre site Web soit sp\u00e9cialement con\u00e7u pour vous et qu'il soit accessible. Lorsque vous visitez notre site, vous voyez appara\u00eetre une banni\u00e8re qui vous informe sur l'utilisation des cookies. Si vous utilisez notre site web \u00e0 tout moment, vous acceptez l'utilisation de cookies. Votre consentement est valable pour une p\u00e9riode de quatre-vingts mois.<\/span><\/p><p><span style=\"font-weight: 400;\">Nous utilisons les types de cookies suivants sur notre site web :<\/span><\/p><ul><li style=\"font-weight: 400;\" aria-level=\"1\"><span style=\"font-weight: 400;\">Cookies fonctionnels : notamment les cookies de session et de connexion pour l'obtention d'informations sur la session et la connexion.<\/span><\/li><li style=\"font-weight: 400;\" aria-level=\"1\"><span style=\"font-weight: 400;\">Cookies analytiques g\u00e9anomis\u00e9s : pour obtenir des informations sur l'utilisation de notre site web sur la base d'informations sur les visiteurs, les pages les plus populaires et d'autres sujets. De ce fait, nous pouvons mieux adapter la communication et l'\u00e9change d'informations aux besoins des utilisateurs de notre site web. Nous ne savons pas comment notre site web est con\u00e7u ni sur quel ordinateur il est con\u00e7u.<\/span><\/li><\/ul><p><span style=\"font-weight: 400;\">Lorsque vous consultez notre site web, des cookies peuvent \u00eatre utilis\u00e9s pour vous prot\u00e9ger contre les effets ind\u00e9sirables et les dommages caus\u00e9s \u00e0 votre appareil.<\/span><span style=\"font-weight: 400;\">\u0308<\/span><span style=\"font-weight: 400;\">nstalleerd. Pour plus d'informations sur l'utilisation, le traitement et la suppression des cookies pour ce type de produit, cliquez sur le lien suivant :\u00a0<\/span><a href=\"https:\/\/autoriteitpersoonsgegevens.nl\/nl\/onderwerpen\/internet-telefoon-tv-en-post\/cookies#faq\"><span style=\"font-weight: 400;\">https:\/\/autoriteitpersoonsgegevens.nl\/nl\/onderwerpen\/internet- telefoon-tv-en-post\/cookies#faq<\/span><\/a><\/p><p><b>Article 12 - Produits \u00e0 base de mati\u00e8res premi\u00e8res et produits assimil\u00e9s<\/b><\/p><p><span style=\"font-weight: 400;\">Il n'y a pas de restriction concernant les produits modifi\u00e9s sur le site web.<\/span><\/p><p><b>Article 13 - Droit de la concurrence<\/b><\/p><p><span style=\"font-weight: 400;\">Le droit n\u00e9erlandais s'applique \u00e0 ces droits. De rechtbank van de vestigingsplaats van de beheerder is exclusief bevoegd bij eventuele geschillen omtrent deze voorwaarden, behoudens wanneer hierop een wettelijke uitzondering van toepassing is.<\/span><\/p><p><b>Article 14 - Contact<\/b><\/p><p><span style=\"font-weight: 400;\">Pour les demandes, les informations sur les produits ou les informations sur le site web lui-m\u00eame, vous pouvez vous adresser \u00e0 l'administration des affaires melvin@branding4wine.com.<\/span><\/p>\t\t\t\t\t\t\t\t<\/div>\n\t\t\t\t<\/div>\n\t\t\t\t\t<\/div>\n\t\t\t\t<\/div>\n\t\t\t\t<\/div>","protected":false},"excerpt":{"rendered":"<p>Privacy en disclaimer Branding 4 Wine respecteert de privacy van de bezoekers van haar website in het bijzonder de rechten van bezoekers met betrekking tot de geautomatiseerde verwerking van persoonsgegevens. Vanwege volledige transparantie met onze ge\u00efnteresseerden hebben wij daarom een beleid geformuleerd en ge\u00efmplementeerd met betrekking tot deze verwerkingen zelf, het doel ervan alsook de [&hellip;]<\/p>","protected":false},"author":2,"featured_media":0,"parent":0,"menu_order":0,"comment_status":"closed","ping_status":"open","template":"elementor_header_footer","meta":{"footnotes":""},"class_list":["post-3","page","type-page","status-publish","hentry"],"_links":{"self":[{"href":"https:\/\/branding4wine.com\/fr\/wp-json\/wp\/v2\/pages\/3","targetHints":{"allow":["GET"]}}],"collection":[{"href":"https:\/\/branding4wine.com\/fr\/wp-json\/wp\/v2\/pages"}],"about":[{"href":"https:\/\/branding4wine.com\/fr\/wp-json\/wp\/v2\/types\/page"}],"author":[{"embeddable":true,"href":"https:\/\/branding4wine.com\/fr\/wp-json\/wp\/v2\/users\/2"}],"replies":[{"embeddable":true,"href":"https:\/\/branding4wine.com\/fr\/wp-json\/wp\/v2\/comments?post=3"}],"version-history":[{"count":34,"href":"https:\/\/branding4wine.com\/fr\/wp-json\/wp\/v2\/pages\/3\/revisions"}],"predecessor-version":[{"id":1675,"href":"https:\/\/branding4wine.com\/fr\/wp-json\/wp\/v2\/pages\/3\/revisions\/1675"}],"wp:attachment":[{"href":"https:\/\/branding4wine.com\/fr\/wp-json\/wp\/v2\/media?parent=3"}],"curies":[{"name":"wp","href":"https:\/\/api.w.org\/{rel}","templated":true}]}}