{"id":328,"date":"2024-05-22T13:47:22","date_gmt":"2024-05-22T13:47:22","guid":{"rendered":"https:\/\/branding4wine.com\/?page_id=328"},"modified":"2025-01-21T13:26:39","modified_gmt":"2025-01-21T13:26:39","slug":"home","status":"publish","type":"page","link":"https:\/\/branding4wine.com\/fr\/","title":{"rendered":"Accueil"},"content":{"rendered":"<div data-elementor-type=\"wp-page\" data-elementor-id=\"328\" class=\"elementor elementor-328\" data-elementor-post-type=\"page\">\n\t\t\t\t<div class=\"elementor-element elementor-element-3dc65fe e-con-full e-flex e-con e-parent\" data-id=\"3dc65fe\" data-element_type=\"container\" data-e-type=\"container\" data-settings=\"{&quot;background_background&quot;:&quot;classic&quot;}\">\n\t\t<div class=\"elementor-element elementor-element-8678bba e-flex e-con-boxed e-con e-child\" data-id=\"8678bba\" data-element_type=\"container\" data-e-type=\"container\" data-settings=\"{&quot;position&quot;:&quot;absolute&quot;}\">\n\t\t\t\t\t<div class=\"e-con-inner\">\n\t\t<div class=\"elementor-element elementor-element-ff43dc4 e-con-full e-flex e-con e-child\" data-id=\"ff43dc4\" data-element_type=\"container\" data-e-type=\"container\">\n\t\t\t\t<div class=\"elementor-element elementor-element-5c6b551 elementor-widget__width-initial elementor-absolute elementor-widget elementor-widget-heading\" data-id=\"5c6b551\" data-element_type=\"widget\" data-e-type=\"widget\" data-settings=\"{&quot;_position&quot;:&quot;absolute&quot;}\" data-widget_type=\"heading.default\">\n\t\t\t\t<div class=\"elementor-widget-container\">\n\t\t\t\t\t<h1 class=\"elementor-heading-title elementor-size-default\">Les <i>agence en ligne<\/i>\nque <i>parle<\/i> &amp;\n<i>comprend<\/i><br>\n<span class=\"hero-bold\">le vin<\/span><\/h1>\t\t\t\t<\/div>\n\t\t\t\t<\/div>\n\t\t\t\t<div class=\"elementor-element elementor-element-b5764a0 elementor-widget__width-initial elementor-invisible elementor-widget elementor-widget-button\" data-id=\"b5764a0\" data-element_type=\"widget\" data-e-type=\"widget\" data-settings=\"{&quot;_animation&quot;:&quot;fadeInUp&quot;}\" data-widget_type=\"button.default\">\n\t\t\t\t<div class=\"elementor-widget-container\">\n\t\t\t\t\t\t\t\t\t<div class=\"elementor-button-wrapper\">\n\t\t\t\t\t<a class=\"elementor-button elementor-button-link elementor-size-sm\" href=\"https:\/\/branding4wine.com\/fr\/online-agency\/\">\n\t\t\t\t\t\t<span class=\"elementor-button-content-wrapper\">\n\t\t\t\t\t\t\t\t\t<span class=\"elementor-button-text\"><img decoding=\"async\" src=\"\/wp-content\/uploads\/2024\/05\/icon_right-arrow.png\"><\/span>\n\t\t\t\t\t<\/span>\n\t\t\t\t\t<\/a>\n\t\t\t\t<\/div>\n\t\t\t\t\t\t\t\t<\/div>\n\t\t\t\t<\/div>\n\t\t\t\t<\/div>\n\t\t\t\t\t<\/div>\n\t\t\t\t<\/div>\n\t\t\t\t<\/div>\n\t\t<div class=\"elementor-element elementor-element-0e24ec1 e-flex e-con-boxed e-con e-parent\" data-id=\"0e24ec1\" data-element_type=\"container\" data-e-type=\"container\" data-settings=\"{&quot;background_background&quot;:&quot;classic&quot;}\">\n\t\t\t\t\t<div class=\"e-con-inner\">\n\t\t<div class=\"elementor-element elementor-element-27d0bba e-con-full e-flex e-con e-child\" data-id=\"27d0bba\" data-element_type=\"container\" data-e-type=\"container\">\n\t\t\t\t<div class=\"elementor-element elementor-element-961ffa4 elementor-cta--skin-cover elementor-invisible elementor-widget elementor-widget-call-to-action\" data-id=\"961ffa4\" data-element_type=\"widget\" data-e-type=\"widget\" data-settings=\"{&quot;_animation&quot;:&quot;fadeIn&quot;}\" data-widget_type=\"call-to-action.default\">\n\t\t\t\t<div class=\"elementor-widget-container\">\n\t\t\t\t\t\t\t<a class=\"elementor-cta\" href=\"https:\/\/branding4wine.com\/fr\/online-agency\/\">\n\t\t\t\t\t<div class=\"elementor-cta__bg-wrapper\">\n\t\t\t\t<div class=\"elementor-cta__bg elementor-bg\" style=\"background-image: url(https:\/\/branding4wine.com\/wp-content\/uploads\/2024\/05\/content_CTA.webp);\" role=\"img\" aria-label=\"content_CTA\"><\/div>\n\t\t\t\t<div class=\"elementor-cta__bg-overlay\"><\/div>\n\t\t\t<\/div>\n\t\t\t\t\t\t\t<div class=\"elementor-cta__content\">\n\t\t\t\t\n\t\t\t\t\t\t\t\t\t<h2 class=\"elementor-cta__title elementor-cta__content-item elementor-content-item\">\n\t\t\t\t\t\tAgence en ligne Branding\t\t\t\t\t<\/h2>\n\t\t\t\t\n\t\t\t\t\n\t\t\t\t\t\t\t<\/div>\n\t\t\t\t\t\t<\/a>\n\t\t\t\t\t\t<\/div>\n\t\t\t\t<\/div>\n\t\t\t\t<div class=\"elementor-element elementor-element-bbd6b71 elementor-widget__width-initial elementor-invisible elementor-widget elementor-widget-button\" data-id=\"bbd6b71\" data-element_type=\"widget\" data-e-type=\"widget\" data-settings=\"{&quot;_animation&quot;:&quot;fadeInUp&quot;}\" data-widget_type=\"button.default\">\n\t\t\t\t<div class=\"elementor-widget-container\">\n\t\t\t\t\t\t\t\t\t<div class=\"elementor-button-wrapper\">\n\t\t\t\t\t<a class=\"elementor-button elementor-button-link elementor-size-sm\" href=\"https:\/\/branding4wine.com\/fr\/online-agency\/\">\n\t\t\t\t\t\t<span class=\"elementor-button-content-wrapper\">\n\t\t\t\t\t\t\t\t\t<span class=\"elementor-button-text\"><img decoding=\"async\" src=\"\/wp-content\/uploads\/2024\/05\/icon_right-arrow.png\"><\/span>\n\t\t\t\t\t<\/span>\n\t\t\t\t\t<\/a>\n\t\t\t\t<\/div>\n\t\t\t\t\t\t\t\t<\/div>\n\t\t\t\t<\/div>\n\t\t\t\t<\/div>\n\t\t<div class=\"elementor-element elementor-element-7a6c784 e-con-full e-flex e-con e-child\" data-id=\"7a6c784\" data-element_type=\"container\" data-e-type=\"container\">\n\t\t\t\t<div class=\"elementor-element elementor-element-273f677 elementor-cta--skin-cover elementor-invisible elementor-widget elementor-widget-call-to-action\" data-id=\"273f677\" data-element_type=\"widget\" data-e-type=\"widget\" data-settings=\"{&quot;_animation&quot;:&quot;fadeIn&quot;}\" data-widget_type=\"call-to-action.default\">\n\t\t\t\t<div class=\"elementor-widget-container\">\n\t\t\t\t\t\t\t<a class=\"elementor-cta\" href=\"https:\/\/branding4wine.com\/fr\/branding\/\">\n\t\t\t\t\t<div class=\"elementor-cta__bg-wrapper\">\n\t\t\t\t<div class=\"elementor-cta__bg elementor-bg\" style=\"background-image: url(https:\/\/branding4wine.com\/wp-content\/uploads\/2024\/05\/content_CTA.webp);\" role=\"img\" aria-label=\"content_CTA\"><\/div>\n\t\t\t\t<div class=\"elementor-cta__bg-overlay\"><\/div>\n\t\t\t<\/div>\n\t\t\t\t\t\t\t<div class=\"elementor-cta__content\">\n\t\t\t\t\n\t\t\t\t\t\t\t\t\t<h2 class=\"elementor-cta__title elementor-cta__content-item elementor-content-item\">\n\t\t\t\t\t\tL'image de marque\t\t\t\t\t<\/h2>\n\t\t\t\t\n\t\t\t\t\n\t\t\t\t\t\t\t<\/div>\n\t\t\t\t\t\t<\/a>\n\t\t\t\t\t\t<\/div>\n\t\t\t\t<\/div>\n\t\t\t\t<div class=\"elementor-element elementor-element-cea0b74 elementor-widget__width-initial elementor-invisible elementor-widget elementor-widget-button\" data-id=\"cea0b74\" data-element_type=\"widget\" data-e-type=\"widget\" data-settings=\"{&quot;_animation&quot;:&quot;fadeInUp&quot;}\" data-widget_type=\"button.default\">\n\t\t\t\t<div class=\"elementor-widget-container\">\n\t\t\t\t\t\t\t\t\t<div class=\"elementor-button-wrapper\">\n\t\t\t\t\t<a class=\"elementor-button elementor-button-link elementor-size-sm\" href=\"\/fr\/branding\/\">\n\t\t\t\t\t\t<span class=\"elementor-button-content-wrapper\">\n\t\t\t\t\t\t\t\t\t<span class=\"elementor-button-text\"><img decoding=\"async\" src=\"\/wp-content\/uploads\/2024\/05\/icon_right-arrow.png\"><\/span>\n\t\t\t\t\t<\/span>\n\t\t\t\t\t<\/a>\n\t\t\t\t<\/div>\n\t\t\t\t\t\t\t\t<\/div>\n\t\t\t\t<\/div>\n\t\t\t\t<\/div>\n\t\t\t\t\t<\/div>\n\t\t\t\t<\/div>\n\t\t<div class=\"elementor-element elementor-element-8a99488 e-con-full e-flex e-con e-parent\" data-id=\"8a99488\" data-element_type=\"container\" data-e-type=\"container\" data-settings=\"{&quot;background_background&quot;:&quot;classic&quot;}\">\n\t\t<div class=\"elementor-element elementor-element-ff6d7d6 e-con-full e-flex elementor-invisible e-con e-child\" data-id=\"ff6d7d6\" data-element_type=\"container\" data-e-type=\"container\" data-settings=\"{&quot;animation&quot;:&quot;fadeInLeft&quot;}\">\n\t\t\t\t<div class=\"elementor-element elementor-element-c073015 elementor-widget elementor-widget-image\" data-id=\"c073015\" data-element_type=\"widget\" data-e-type=\"widget\" data-widget_type=\"image.default\">\n\t\t\t\t<div class=\"elementor-widget-container\">\n\t\t\t\t\t\t\t\t\t\t\t\t\t\t\t<img fetchpriority=\"high\" decoding=\"async\" width=\"960\" height=\"640\" src=\"https:\/\/branding4wine.com\/wp-content\/uploads\/2024\/05\/content_over-melvin.webp\" class=\"attachment-full size-full wp-image-535\" alt=\"\" srcset=\"https:\/\/branding4wine.com\/wp-content\/uploads\/2024\/05\/content_over-melvin.webp 960w, https:\/\/branding4wine.com\/wp-content\/uploads\/2024\/05\/content_over-melvin-300x200.webp 300w, https:\/\/branding4wine.com\/wp-content\/uploads\/2024\/05\/content_over-melvin-768x512.webp 768w\" sizes=\"(max-width: 960px) 100vw, 960px\" \/>\t\t\t\t\t\t\t\t\t\t\t\t\t\t\t<\/div>\n\t\t\t\t<\/div>\n\t\t\t\t<\/div>\n\t\t<div class=\"elementor-element elementor-element-55991a4 e-con-full e-flex elementor-invisible e-con e-child\" data-id=\"55991a4\" data-element_type=\"container\" data-e-type=\"container\" data-settings=\"{&quot;animation&quot;:&quot;fadeInRight&quot;}\">\n\t\t\t\t<div class=\"elementor-element elementor-element-5828dc6 elementor-widget elementor-widget-heading\" data-id=\"5828dc6\" data-element_type=\"widget\" data-e-type=\"widget\" data-widget_type=\"heading.default\">\n\t\t\t\t<div class=\"elementor-widget-container\">\n\t\t\t\t\t<h2 class=\"elementor-heading-title elementor-size-default\">\u00c0 propos de Melvin<\/h2>\t\t\t\t<\/div>\n\t\t\t\t<\/div>\n\t\t\t\t<div class=\"elementor-element elementor-element-18d1eb1 elementor-widget elementor-widget-text-editor\" data-id=\"18d1eb1\" data-element_type=\"widget\" data-e-type=\"widget\" data-widget_type=\"text-editor.default\">\n\t\t\t\t<div class=\"elementor-widget-container\">\n\t\t\t\t\t\t\t\t\t<p><strong>Rencontrez Melvin : l'amateur de vin derri\u00e8re Branding 4 Wine<\/strong><\/p><p>Melvin est la force motrice de Branding 4 Wine. Avec une passion profond\u00e9ment enracin\u00e9e pour le vin et un sens aigu du marketing, il apporte un m\u00e9lange unique d'expertise et d'enthousiasme \u00e0 chaque projet. En tant que Vinoloog agr\u00e9\u00e9, Melvin poss\u00e8de une connaissance vaste et vari\u00e9e du vin, allant des nuances de la d\u00e9gustation aux complexit\u00e9s du marketing du vin.<\/p>\t\t\t\t\t\t\t\t<\/div>\n\t\t\t\t<\/div>\n\t\t\t\t<div class=\"elementor-element elementor-element-cc27082 secondary-button elementor-widget elementor-widget-button\" data-id=\"cc27082\" data-element_type=\"widget\" data-e-type=\"widget\" data-widget_type=\"button.default\">\n\t\t\t\t<div class=\"elementor-widget-container\">\n\t\t\t\t\t\t\t\t\t<div class=\"elementor-button-wrapper\">\n\t\t\t\t\t<a class=\"elementor-button elementor-button-link elementor-size-sm\" href=\"https:\/\/branding4wine.com\/fr\/about\/\">\n\t\t\t\t\t\t<span class=\"elementor-button-content-wrapper\">\n\t\t\t\t\t\t\t\t\t<span class=\"elementor-button-text\">En savoir plus<\/span>\n\t\t\t\t\t<\/span>\n\t\t\t\t\t<\/a>\n\t\t\t\t<\/div>\n\t\t\t\t\t\t\t\t<\/div>\n\t\t\t\t<\/div>\n\t\t\t\t<\/div>\n\t\t\t\t<\/div>\n\t\t<div class=\"elementor-element elementor-element-082302b e-con-full e-flex e-con e-parent\" data-id=\"082302b\" data-element_type=\"container\" data-e-type=\"container\" data-settings=\"{&quot;background_background&quot;:&quot;classic&quot;}\">\n\t\t<div class=\"elementor-element elementor-element-c2d084a e-flex e-con-boxed e-con e-child\" data-id=\"c2d084a\" data-element_type=\"container\" data-e-type=\"container\">\n\t\t\t\t\t<div class=\"e-con-inner\">\n\t\t<div class=\"elementor-element elementor-element-a33ad2d e-con-full e-flex elementor-invisible e-con e-child\" data-id=\"a33ad2d\" data-element_type=\"container\" data-e-type=\"container\" data-settings=\"{&quot;background_background&quot;:&quot;classic&quot;,&quot;animation&quot;:&quot;fadeInUp&quot;}\">\n\t\t<div class=\"elementor-element elementor-element-9e8bb1f e-con-full e-flex e-con e-child\" data-id=\"9e8bb1f\" data-element_type=\"container\" data-e-type=\"container\">\n\t\t\t\t<div class=\"elementor-element elementor-element-eeb9d9a elementor-widget elementor-widget-heading\" data-id=\"eeb9d9a\" data-element_type=\"widget\" data-e-type=\"widget\" data-widget_type=\"heading.default\">\n\t\t\t\t<div class=\"elementor-widget-container\">\n\t\t\t\t\t<h2 class=\"elementor-heading-title elementor-size-default\">Entrepreneurs du vin <\/h2>\t\t\t\t<\/div>\n\t\t\t\t<\/div>\n\t\t\t\t<div class=\"elementor-element elementor-element-083686f elementor-widget elementor-widget-heading\" data-id=\"083686f\" data-element_type=\"widget\" data-e-type=\"widget\" data-widget_type=\"heading.default\">\n\t\t\t\t<div class=\"elementor-widget-container\">\n\t\t\t\t\t<h3 class=\"elementor-heading-title elementor-size-default\">qui <span class=\"heading-bold\">amour<\/span> nous<\/h3>\t\t\t\t<\/div>\n\t\t\t\t<\/div>\n\t\t\t\t<\/div>\n\t\t\t\t<div class=\"elementor-element elementor-element-8f274ad elementor-widget__width-initial elementor-testimonial--skin-default elementor-testimonial--layout-image_inline elementor-testimonial--align-center elementor-widget elementor-widget-global elementor-global-1350 elementor-widget-testimonial-carousel\" data-id=\"8f274ad\" data-element_type=\"widget\" data-e-type=\"widget\" data-settings=\"{&quot;slides_per_view&quot;:&quot;1&quot;,&quot;slides_to_scroll&quot;:&quot;1&quot;,&quot;speed&quot;:500,&quot;autoplay&quot;:&quot;yes&quot;,&quot;autoplay_speed&quot;:5000,&quot;loop&quot;:&quot;yes&quot;,&quot;pause_on_hover&quot;:&quot;yes&quot;,&quot;pause_on_interaction&quot;:&quot;yes&quot;,&quot;space_between&quot;:{&quot;unit&quot;:&quot;px&quot;,&quot;size&quot;:10,&quot;sizes&quot;:[]},&quot;space_between_tablet&quot;:{&quot;unit&quot;:&quot;px&quot;,&quot;size&quot;:10,&quot;sizes&quot;:[]},&quot;space_between_mobile&quot;:{&quot;unit&quot;:&quot;px&quot;,&quot;size&quot;:10,&quot;sizes&quot;:[]}}\" data-widget_type=\"testimonial-carousel.default\">\n\t\t\t\t<div class=\"elementor-widget-container\">\n\t\t\t\t\t\t\t\t\t<div class=\"elementor-swiper\">\n\t\t\t\t\t<div class=\"elementor-main-swiper swiper\" role=\"region\" aria-roledescription=\"carousel\" aria-label=\"Diapositives\">\n\t\t\t\t<div class=\"swiper-wrapper\">\n\t\t\t\t\t\t\t\t\t\t\t<div class=\"swiper-slide\" role=\"group\" aria-roledescription=\"slide\">\n\t\t\t\t\t\t\t\t\t<div class=\"elementor-testimonial\">\n\t\t\t\t\t\t\t<div class=\"elementor-testimonial__content\">\n\t\t\t\t\t<div class=\"elementor-testimonial__text\">\n\t\t\t\t\t\t<span class=\"testimonial-star\">\u2605\u2605\u2605\u2605\u2605<\/span><br><br>\n\n\"J'ai eu beaucoup de plaisir \u00e0 suivre une formation avec Melvin ! Melvin nous a expliqu\u00e9 en d\u00e9tail et avec beaucoup d'enthousiasme comment faire pour que tout se passe au mieux. Nous avons \u00e9galement organis\u00e9 une session interactive qui nous a permis d'inspirer les autres. C'est une excellente formation, ludique et agr\u00e9able \u00e0 suivre !\n\nMerci beaucoup !\"\t\t\t\t\t<\/div>\n\t\t\t\t\t\t\t\t\t<\/div>\n\t\t\t\t\t\t<div class=\"elementor-testimonial__footer\">\n\t\t\t\t\t\t\t\t<cite class=\"elementor-testimonial__cite\"><span class=\"elementor-testimonial__name\">Oprichter Food La Route<\/span><span class=\"elementor-testimonial__title\">Ren\u00e9e Turion<\/span><\/cite>\t\t\t<\/div>\n\t\t<\/div>\n\t\t\t\t\t\t\t\t<\/div>\n\t\t\t\t\t\t\t\t\t\t\t<div class=\"swiper-slide\" role=\"group\" aria-roledescription=\"slide\">\n\t\t\t\t\t\t\t\t\t<div class=\"elementor-testimonial\">\n\t\t\t\t\t\t\t<div class=\"elementor-testimonial__content\">\n\t\t\t\t\t<div class=\"elementor-testimonial__text\">\n\t\t\t\t\t\t<span class=\"testimonial-star\">\u2605\u2605\u2605\u2605\u2605<\/span><br><br>\n\n\"Melvin a beaucoup de vitamine R : les bonnes relations. En tant que professionnel, il est une araign\u00e9e dans la toile. En se battant avec moi et en m'\u00e9coutant attentivement, il m'a mis en relation avec les bons partenaires. Cela a donn\u00e9 un coup de fouet aux ventes de mon site web.\t\t\t\t\t<\/div>\n\t\t\t\t\t\t\t\t\t<\/div>\n\t\t\t\t\t\t<div class=\"elementor-testimonial__footer\">\n\t\t\t\t\t\t\t\t<cite class=\"elementor-testimonial__cite\"><span class=\"elementor-testimonial__name\">Le vin de Mad\u00e8re aujourd'hui<\/span><span class=\"elementor-testimonial__title\">Jeroen Bronkhorst<\/span><\/cite>\t\t\t<\/div>\n\t\t<\/div>\n\t\t\t\t\t\t\t\t<\/div>\n\t\t\t\t\t\t\t\t\t\t\t<div class=\"swiper-slide\" role=\"group\" aria-roledescription=\"slide\">\n\t\t\t\t\t\t\t\t\t<div class=\"elementor-testimonial\">\n\t\t\t\t\t\t\t<div class=\"elementor-testimonial__content\">\n\t\t\t\t\t<div class=\"elementor-testimonial__text\">\n\t\t\t\t\t\t<span class=\"testimonial-star\">\u2605\u2605\u2605\u2605\u2605<\/span><br><br>\n\n\"Travailler avec Branding 4 Wine a transform\u00e9 notre entreprise. Melvin et son \u00e9quipe nous ont fourni des services informatiques de premier ordre et des strat\u00e9gies de marketing en ligne innovantes qui ont stimul\u00e9 notre visibilit\u00e9 et nos ventes. Leur expertise dans l'industrie du vin est in\u00e9gal\u00e9e. Nous recommandons vivement leurs services \u00e0 toute marque de vin cherchant \u00e0 accro\u00eetre sa pr\u00e9sence en ligne. - Beermann Wijnimport\"\t\t\t\t\t<\/div>\n\t\t\t\t\t\t\t\t\t<\/div>\n\t\t\t\t\t\t<div class=\"elementor-testimonial__footer\">\n\t\t\t\t\t\t\t\t<cite class=\"elementor-testimonial__cite\"><span class=\"elementor-testimonial__name\">Beermann Wijnimport<\/span><\/cite>\t\t\t<\/div>\n\t\t<\/div>\n\t\t\t\t\t\t\t\t<\/div>\n\t\t\t\t\t\t\t\t\t\t\t<div class=\"swiper-slide\" role=\"group\" aria-roledescription=\"slide\">\n\t\t\t\t\t\t\t\t\t<div class=\"elementor-testimonial\">\n\t\t\t\t\t\t\t<div class=\"elementor-testimonial__content\">\n\t\t\t\t\t<div class=\"elementor-testimonial__text\">\n\t\t\t\t\t\t<span class=\"testimonial-star\">\u2605\u2605\u2605\u2605\u2605<\/span><br><br>\n\n\"Branding 4 Wine a jou\u00e9 un r\u00f4le d\u00e9terminant dans l'am\u00e9lioration de notre infrastructure informatique. La compr\u00e9hension profonde de nos besoins par Melvin et son service exceptionnel ont consid\u00e9rablement am\u00e9lior\u00e9 nos op\u00e9rations. Ses solutions rapides et efficaces nous ont permis de nous concentrer sur notre c\u0153ur de m\u00e9tier. Nous ne pourrions \u00eatre plus satisfaits des r\u00e9sultats.\"\t\t\t\t\t<\/div>\n\t\t\t\t\t\t\t\t\t<\/div>\n\t\t\t\t\t\t<div class=\"elementor-testimonial__footer\">\n\t\t\t\t\t\t\t\t<cite class=\"elementor-testimonial__cite\"><span class=\"elementor-testimonial__name\">J\u00e9roboam Wijn<\/span><\/cite>\t\t\t<\/div>\n\t\t<\/div>\n\t\t\t\t\t\t\t\t<\/div>\n\t\t\t\t\t\t\t\t\t\t\t<div class=\"swiper-slide\" role=\"group\" aria-roledescription=\"slide\">\n\t\t\t\t\t\t\t\t\t<div class=\"elementor-testimonial\">\n\t\t\t\t\t\t\t<div class=\"elementor-testimonial__content\">\n\t\t\t\t\t<div class=\"elementor-testimonial__text\">\n\t\t\t\t\t\t<span class=\"testimonial-star\">\u2605\u2605\u2605\u2605\u2605<\/span><br><br>\n\n\"Notre partenariat avec Branding 4 Wine a chang\u00e9 la donne pour Bodegas Ca\u00f1averas. Gr\u00e2ce \u00e0 leur approche strat\u00e9gique et \u00e0 leur connaissance approfondie du march\u00e9, nous avons r\u00e9ussi \u00e0 \u00e9largir notre gamme de produits aux Pays-Bas. Nous sommes ravis des r\u00e9sultats et nous recommandons vivement leur expertise.\"\t\t\t\t\t<\/div>\n\t\t\t\t\t\t\t\t\t<\/div>\n\t\t\t\t\t\t<div class=\"elementor-testimonial__footer\">\n\t\t\t\t\t\t\t\t<cite class=\"elementor-testimonial__cite\"><span class=\"elementor-testimonial__name\">Bodegas Ca\u00f1averas<\/span><\/cite>\t\t\t<\/div>\n\t\t<\/div>\n\t\t\t\t\t\t\t\t<\/div>\n\t\t\t\t\t\t\t\t\t<\/div>\n\t\t\t\t\t\t\t\t\t\t\t\t\t\t\t\t\t\t\t\t\t<\/div>\n\t\t\t\t<\/div>\n\t\t\t\t\t\t\t\t<\/div>\n\t\t\t\t<\/div>\n\t\t\t\t<\/div>\n\t\t\t\t\t<\/div>\n\t\t\t\t<\/div>\n\t\t\t\t<\/div>\n\t\t<div class=\"elementor-element elementor-element-4207b1e e-con-full e-flex e-con e-parent\" data-id=\"4207b1e\" data-element_type=\"container\" data-e-type=\"container\" data-settings=\"{&quot;background_background&quot;:&quot;classic&quot;}\">\n\t\t<div class=\"elementor-element elementor-element-7697af2 e-con-full e-flex elementor-invisible e-con e-child\" data-id=\"7697af2\" data-element_type=\"container\" data-e-type=\"container\" data-settings=\"{&quot;animation&quot;:&quot;fadeInLeft&quot;}\">\n\t\t\t\t<div class=\"elementor-element elementor-element-96af2b0 elementor-absolute elementor-widget elementor-widget-image\" data-id=\"96af2b0\" data-element_type=\"widget\" data-e-type=\"widget\" data-settings=\"{&quot;_position&quot;:&quot;absolute&quot;}\" data-widget_type=\"image.default\">\n\t\t\t\t<div class=\"elementor-widget-container\">\n\t\t\t\t\t\t\t\t\t\t\t\t\t\t\t<img decoding=\"async\" width=\"110\" height=\"109\" src=\"https:\/\/branding4wine.com\/wp-content\/uploads\/2024\/05\/brand_logo-thin.webp\" class=\"attachment-full size-full wp-image-622\" alt=\"\" \/>\t\t\t\t\t\t\t\t\t\t\t\t\t\t\t<\/div>\n\t\t\t\t<\/div>\n\t\t\t\t<div class=\"elementor-element elementor-element-df075d3 elementor-widget elementor-widget-heading\" data-id=\"df075d3\" data-element_type=\"widget\" data-e-type=\"widget\" data-widget_type=\"heading.default\">\n\t\t\t\t<div class=\"elementor-widget-container\">\n\t\t\t\t\t<h2 class=\"elementor-heading-title elementor-size-default\">Pr\u00eat \u00e0 partir ? Ensemble, \u00e9levons votre marque de vin !<\/h2>\t\t\t\t<\/div>\n\t\t\t\t<\/div>\n\t\t\t\t<div class=\"elementor-element elementor-element-6199f4c elementor-widget elementor-widget-text-editor\" data-id=\"6199f4c\" data-element_type=\"widget\" data-e-type=\"widget\" data-widget_type=\"text-editor.default\">\n\t\t\t\t<div class=\"elementor-widget-container\">\n\t\t\t\t\t\t\t\t\tChez Branding 4 Wine, nous avons \u00e0 c\u0153ur d'aider les marques de vin \u00e0 prosp\u00e9rer sur un march\u00e9 concurrentiel. Que vous ayez besoin de services informatiques sp\u00e9cialis\u00e9s, de strat\u00e9gies de marketing en ligne innovantes ou d'une formation compl\u00e8te sur le vin, nous sommes l\u00e0 pour vous aider.\t\t\t\t\t\t\t\t<\/div>\n\t\t\t\t<\/div>\n\t\t\t\t<div class=\"elementor-element elementor-element-9a95feb secondary-button-orange elementor-widget elementor-widget-button\" data-id=\"9a95feb\" data-element_type=\"widget\" data-e-type=\"widget\" data-widget_type=\"button.default\">\n\t\t\t\t<div class=\"elementor-widget-container\">\n\t\t\t\t\t\t\t\t\t<div class=\"elementor-button-wrapper\">\n\t\t\t\t\t<a class=\"elementor-button elementor-button-link elementor-size-sm\" href=\"https:\/\/branding4wine.com\/fr\/contact\/\">\n\t\t\t\t\t\t<span class=\"elementor-button-content-wrapper\">\n\t\t\t\t\t\t\t\t\t<span class=\"elementor-button-text\">Rencontrons-nous<\/span>\n\t\t\t\t\t<\/span>\n\t\t\t\t\t<\/a>\n\t\t\t\t<\/div>\n\t\t\t\t\t\t\t\t<\/div>\n\t\t\t\t<\/div>\n\t\t\t\t<\/div>\n\t\t<div class=\"elementor-element elementor-element-d1051e4 e-con-full e-flex elementor-invisible e-con e-child\" data-id=\"d1051e4\" data-element_type=\"container\" data-e-type=\"container\" data-settings=\"{&quot;animation&quot;:&quot;fadeInRight&quot;}\">\n\t\t\t\t<div class=\"elementor-element elementor-element-306e014 elementor-widget elementor-widget-image\" data-id=\"306e014\" data-element_type=\"widget\" data-e-type=\"widget\" data-widget_type=\"image.default\">\n\t\t\t\t<div class=\"elementor-widget-container\">\n\t\t\t\t\t\t\t\t\t\t\t\t\t\t\t<img decoding=\"async\" width=\"2560\" height=\"1707\" src=\"https:\/\/branding4wine.com\/wp-content\/uploads\/2024\/08\/Sales-Foto-min-scaled.jpg\" class=\"attachment-full size-full wp-image-1649\" alt=\"\" srcset=\"https:\/\/branding4wine.com\/wp-content\/uploads\/2024\/08\/Sales-Foto-min-scaled.jpg 2560w, https:\/\/branding4wine.com\/wp-content\/uploads\/2024\/08\/Sales-Foto-min-300x200.jpg 300w, https:\/\/branding4wine.com\/wp-content\/uploads\/2024\/08\/Sales-Foto-min-1024x683.jpg 1024w, https:\/\/branding4wine.com\/wp-content\/uploads\/2024\/08\/Sales-Foto-min-768x512.jpg 768w, https:\/\/branding4wine.com\/wp-content\/uploads\/2024\/08\/Sales-Foto-min-1536x1024.jpg 1536w, https:\/\/branding4wine.com\/wp-content\/uploads\/2024\/08\/Sales-Foto-min-2048x1365.jpg 2048w\" sizes=\"(max-width: 2560px) 100vw, 2560px\" \/>\t\t\t\t\t\t\t\t\t\t\t\t\t\t\t<\/div>\n\t\t\t\t<\/div>\n\t\t\t\t<\/div>\n\t\t\t\t<\/div>\n\t\t<div class=\"elementor-element elementor-element-27c4116 e-flex e-con-boxed e-con e-parent\" data-id=\"27c4116\" data-element_type=\"container\" data-e-type=\"container\">\n\t\t\t\t\t<div class=\"e-con-inner\">\n\t\t\t\t\t<\/div>\n\t\t\t\t<\/div>\n\t\t\t\t<\/div>","protected":false},"excerpt":{"rendered":"<p>L'agence en ligne qui parle et comprend le vin Agence en ligne Branding Branding A propos de Melvin Rencontrez Melvin : L'amateur de vin derri\u00e8re Branding 4 Wine Melvin est la force motrice de Branding 4 Wine. Avec une passion profond\u00e9ment enracin\u00e9e pour le vin et un sens aigu du marketing, il apporte un m\u00e9lange unique d'expertise et d'enthousiasme \u00e0 chaque [...]<\/p>","protected":false},"author":2,"featured_media":0,"parent":0,"menu_order":0,"comment_status":"closed","ping_status":"closed","template":"","meta":{"footnotes":""},"class_list":["post-328","page","type-page","status-publish","hentry"],"_links":{"self":[{"href":"https:\/\/branding4wine.com\/fr\/wp-json\/wp\/v2\/pages\/328","targetHints":{"allow":["GET"]}}],"collection":[{"href":"https:\/\/branding4wine.com\/fr\/wp-json\/wp\/v2\/pages"}],"about":[{"href":"https:\/\/branding4wine.com\/fr\/wp-json\/wp\/v2\/types\/page"}],"author":[{"embeddable":true,"href":"https:\/\/branding4wine.com\/fr\/wp-json\/wp\/v2\/users\/2"}],"replies":[{"embeddable":true,"href":"https:\/\/branding4wine.com\/fr\/wp-json\/wp\/v2\/comments?post=328"}],"version-history":[{"count":403,"href":"https:\/\/branding4wine.com\/fr\/wp-json\/wp\/v2\/pages\/328\/revisions"}],"predecessor-version":[{"id":1734,"href":"https:\/\/branding4wine.com\/fr\/wp-json\/wp\/v2\/pages\/328\/revisions\/1734"}],"wp:attachment":[{"href":"https:\/\/branding4wine.com\/fr\/wp-json\/wp\/v2\/media?parent=328"}],"curies":[{"name":"wp","href":"https:\/\/api.w.org\/{rel}","templated":true}]}}