{"id":3,"date":"2024-05-19T02:54:51","date_gmt":"2024-05-19T02:54:51","guid":{"rendered":"https:\/\/branding4wine.com\/?page_id=3"},"modified":"2024-08-15T07:12:13","modified_gmt":"2024-08-15T07:12:13","slug":"privacyverklaring","status":"publish","type":"page","link":"https:\/\/branding4wine.com\/it\/privacyverklaring\/","title":{"rendered":"Privacy"},"content":{"rendered":"<div data-elementor-type=\"wp-page\" data-elementor-id=\"3\" class=\"elementor elementor-3\" data-elementor-post-type=\"page\">\n\t\t\t\t<div class=\"elementor-element elementor-element-cb4c590 e-con-full e-flex e-con e-parent\" data-id=\"cb4c590\" data-element_type=\"container\" data-e-type=\"container\" data-settings=\"{&quot;background_background&quot;:&quot;classic&quot;}\">\n\t\t\t\t<div class=\"elementor-element elementor-element-fc75f1a elementor-widget-mobile__width-initial elementor-widget-tablet__width-initial elementor-widget__width-initial elementor-widget-divider--view-line elementor-widget elementor-widget-divider\" data-id=\"fc75f1a\" data-element_type=\"widget\" data-e-type=\"widget\" data-widget_type=\"divider.default\">\n\t\t\t\t<div class=\"elementor-widget-container\">\n\t\t\t\t\t\t\t<div class=\"elementor-divider\">\n\t\t\t<span class=\"elementor-divider-separator\">\n\t\t\t\t\t\t<\/span>\n\t\t<\/div>\n\t\t\t\t\t\t<\/div>\n\t\t\t\t<\/div>\n\t\t\t\t<div class=\"elementor-element elementor-element-8d36ef5 elementor-widget-mobile__width-auto elementor-widget-tablet__width-auto elementor-widget elementor-widget-heading\" data-id=\"8d36ef5\" data-element_type=\"widget\" data-e-type=\"widget\" data-widget_type=\"heading.default\">\n\t\t\t\t<div class=\"elementor-widget-container\">\n\t\t\t\t\t<h1 class=\"elementor-heading-title elementor-size-default\">Privacy<\/h1>\t\t\t\t<\/div>\n\t\t\t\t<\/div>\n\t\t\t\t<\/div>\n\t\t<div class=\"elementor-element elementor-element-16b6faa e-flex e-con-boxed elementor-invisible e-con e-parent\" data-id=\"16b6faa\" data-element_type=\"container\" data-e-type=\"container\" data-settings=\"{&quot;background_background&quot;:&quot;classic&quot;,&quot;animation&quot;:&quot;fadeInUp&quot;}\">\n\t\t\t\t\t<div class=\"e-con-inner\">\n\t\t\t\t<div class=\"elementor-element elementor-element-ca04075 elementor-widget elementor-widget-text-editor\" data-id=\"ca04075\" data-element_type=\"widget\" data-e-type=\"widget\" data-widget_type=\"text-editor.default\">\n\t\t\t\t<div class=\"elementor-widget-container\">\n\t\t\t\t\t\t\t\t\t<h2><b>Privacy ed esclusione di responsabilit\u00e0<\/b><\/h2><p><span style=\"font-weight: 400;\">Branding 4 Wine rispetta la privacy degli utenti del suo sito web nel rispetto dei diritti degli utenti in relazione alla divulgazione di informazioni personali. Grazie alla totale trasparenza nei confronti dei nostri clienti.<\/span><span style=\"font-weight: 400;\">n<\/span><span style=\"font-weight: 400;\">teresseerden hebben wij daarom een beleid geformuleerd en ge\u00ef<\/span><span style=\"font-weight: 400;\">m<\/span><span style=\"font-weight: 400;\">Il problema \u00e8 anche quello delle condizioni di lavoro per le persone che si affidano a loro, in modo da poter utilizzare le loro barriere in modo ottimale.<\/span><\/p><p><span style=\"font-weight: 400;\">Per avere tutte le informazioni sulla protezione dei dati personali \u00e8 possibile consultare il sito web dell'Autorit\u00e0 per i dati personali:\u00a0<\/span><a href=\"http:\/\/autoriteitpersoonsgegevens.nl\/nl\"><span style=\"font-weight: 400;\">http:\/\/autoriteitpersoonsgegevens.nl\/nl<\/span><\/a><span style=\"font-weight: 400;\">.<\/span><span style=\"font-weight: 400;\"><br \/><\/span><span style=\"font-weight: 400;\">Se accettate l'uso di cookie o di altri sistemi di tracciamento sul sito web, non utilizzate cookie analitici sul vostro computer, telefono cellulare o tablet. Per quanto riguarda l'utilizzo di questo sito web, si accettano le seguenti informazioni.<\/span><\/p><p><b>Artikel 1 - Prodotti umidi<\/b><\/p><ol><li style=\"font-weight: 400;\" aria-level=\"1\"><span style=\"font-weight: 400;\">Sito web (hierna ook \"De website\"): branding4wine.com<\/span><\/li><li style=\"font-weight: 400;\" aria-level=\"1\"><span style=\"font-weight: 400;\">Verantwoordelijke voor de verwerking van persoonsgegevens (Hierna ook \"de beheerder\"): 4 Wine b.v. , gevestigd te Trasmolenlaan 12, 3447 GZ Woerden, kvk- nummer 93579365.<\/span><\/li><\/ol><p><b>Artikel 2 - Accesso al sito web<\/b><\/p><p><span style=\"font-weight: 400;\">L'accesso al sito web e il suo utilizzo \u00e8 personale. Il sito web non pu\u00f2 essere utilizzato a fini commerciali, cos\u00ec come le informazioni e i dati da esso forniti.<\/span><span style=\"font-weight: 400;\">l<\/span><span style=\"font-weight: 400;\">e, politiche o pubblicitarie, ma anche per altri tipi di commercio.<\/span><span style=\"font-weight: 400;\">l<\/span><span style=\"font-weight: 400;\">e di alimentazione e non utilizzarli per l'alimentazione elettronica.<\/span><\/p><p><b>Artikel 3 - Il contenuto del sito web<\/b><\/p><p><span style=\"font-weight: 400;\">Tutte le immagini, i commenti, le illustrazioni, le immagini (animate), i video, i geluiden, nonch\u00e9 tutte le applicazioni tecniche che possono essere utilizzate per far funzionare il sito web e pi\u00f9 in generale tutte le informazioni che vengono utilizzate su questo sito web, sono protette da diritti di propriet\u00e0 intellettuale. Ogni riproduzione, vendita, utilizzo o passaggio, in qualsiasi modo, di un'immagine o di un oggetto, con l'ausilio di applicazioni tecniche, e con la possibilit\u00e0 di una modifica della normativa in vigore, \u00e8 da considerarsi un'azione di forza. Indien de beheerder niet meteen actie onderneemt tegen enig inbreuk, kan dat niet worden opgevat als stilzwijgende toestemming dan wel het afzien van rechtsvervolging.<\/span><\/p><p><b>Artikel 4 - La gestione del sito web<\/b><\/p><p><span style=\"font-weight: 400;\">Per una migliore fruizione del sito web \u00e8 necessario che l'utente sia in grado di farlo in un unico momento:<\/span><\/p><ul><li style=\"font-weight: 400;\" aria-level=\"1\"><span style=\"font-weight: 400;\">L'accesso a una categoria specifica di utenti, che si possono scegliere, che si possono aggiungere al sito web o a una parte di esso.<\/span><\/li><\/ul><ul><li style=\"font-weight: 400;\" aria-level=\"1\"><span style=\"font-weight: 400;\">Tutte le informazioni che il funzionamento del sito web pu\u00f2 offrire, o che sono in contrasto con le normative nazionali o internazionali, o che sono in contrasto con l'etica di internet.<\/span><\/li><li style=\"font-weight: 400;\" aria-level=\"1\"><span style=\"font-weight: 400;\">Il sito web non \u00e8 pi\u00f9 visibile e sono disponibili aggiornamenti<\/span><\/li><\/ul><p><b>Artikel 5 - Verantwoordelijkheden<\/b><\/p><p><span style=\"font-weight: 400;\">Il beheerder \u00e8 in ogni caso responsabile di eventuali errori, memorizzazioni, modifiche o interruzioni del funzionamento del sito web, se il sito web o una delle sue funzionalit\u00e0 non sono affidabili. Il motivo per cui si cerca un collegamento con il sito web \u00e8 la propria verantwoordelijkheid. \u00c8 necessario adottare tutte le misure necessarie per proteggere il proprio dispositivo e i propri dati da altre minacce virali su Internet. Sei tu stesso responsabile dei siti web e delle informazioni che hai pubblicato su Internet.<\/span><\/p><p><span style=\"font-weight: 400;\">L'operatore non \u00e8 responsabile delle procedure giuridiche che vengono applicate nei suoi confronti:<\/span><\/p><ul><li style=\"font-weight: 400;\" aria-level=\"1\"><span style=\"font-weight: 400;\">A causa dell'utilizzo del sito web o dei servizi offerti via Internet<\/span><\/li><li style=\"font-weight: 400;\" aria-level=\"1\"><span style=\"font-weight: 400;\">In base alle indicazioni delle clausole della presente informativa sulla privacy<\/span><\/li><\/ul><p><span style=\"font-weight: 400;\">Il beheerder non \u00e8 indispensabile per tutti i prodotti che avete acquistato da soli, ma per tutti i prodotti che avete acquistato come parte di un processo di verbalizzazione con l'utilizzo di un sito web. Non \u00e8 consentito alcun tipo di azione nei confronti del beheerder.<\/span><\/p><p><span style=\"font-weight: 400;\">Se il beheerder viene contattato per via di un'azione che riguarda l'utilizzo di questo sito web, \u00e8 tenuto a fornire tutte le informazioni che il suo cliente pu\u00f2 ricevere e che non possono essere utilizzate da lui.<\/span><\/p><p><b>Artikel 6 - La verifica delle informazioni<\/b><\/p><p><span style=\"font-weight: 400;\">I nostri dati sono verificati da Branding 4 Wine. Oltre ai dati personali, vengono fornite tutte le informazioni su un'offerta di prodotti e servizi.<\/span><span style=\"font-weight: 400;\">d<\/span><span style=\"font-weight: 400;\">entificeerde of identificeerbare natuurlijke persoon, als identificeerbaar wordt beschouwd een natuurlijke persoon die direct of indirect kan worden ge\u00ef<\/span><span style=\"font-weight: 400;\">d<\/span><span style=\"font-weight: 400;\">con il nome di un identificatore, ad esempio un nome, un numero di identificazione, un indirizzo, un identificatore online, o uno degli altri elementi che sono fondamentali per l'identit\u00e0 fisiologica, fisiologica, genetica, psichica, economica, culturale o sociale.<\/span><\/p><p><span style=\"font-weight: 400;\">Le informazioni personali che vengono visualizzate sul sito web sono utilizzate dal beheerder per instaurare rapporti con te e per ottenere la vendita delle tue offerte.<\/span><\/p><p><b>Artikel 7 - Le vostre richieste di risarcimento in relazione alle vostre leggi<\/b><\/p><p><span style=\"font-weight: 400;\">In base all'artikel 13 lid 2 sub b AVG ha diritto a un diritto pi\u00f9 ampio per quanto riguarda l'inzage e la rettifica dei dati personali o il controllo del lavoro svolto, nonch\u00e9 il diritto di accesso al lavoro svolto in base alla verifica della conformit\u00e0 e il diritto di accesso alla garanzia. \u00c8 possibile risolvere questi problemi contattandoci tramite il sito melvin@branding4wine.com. Ogni verifica deve essere effettuata con una copia di un documento d'identit\u00e0 di valore, in cui viene indicato il numero di telefono e l'indirizzo a cui ci si pu\u00f2 mettere in contatto. Entro 1 mese dalla data di inizio della visita, \u00e8 possibile ricevere informazioni sulla visita. In base alla complessit\u00e0 della ricerca e all'importo della ricerca, \u00e8 possibile verificare questo termine indiano a partire da 2 mesi.<\/span><\/p><p><b>Artikel 8 - Verifica delle informazioni personali<\/b><\/p><p><span style=\"font-weight: 400;\">In geval van schending van enige wet- of regelgeving, waarvan de bezoeker wordt verdacht en waarvoor de autoriteiten persoonsgegevens nodig hebben die de beheerder heeft verzameld, le stesse vengono trattate con una verifica delle autorit\u00e0 competenti, in modo che i dati personali non siano pi\u00f9 in contrasto con le norme di tutela della privacy.<\/span><\/p><p><b>Artikel 9 - Aanbiedingen commerciali<\/b><\/p><p><span style=\"font-weight: 400;\">Si pu\u00f2 fare commercio<\/span><span style=\"font-weight: 400;\">l<\/span><span style=\"font-weight: 400;\">e aanbiedingen krijgen van de beheerder. Se non volete che questo sia pi\u00f9 importante, scrivete una mail al seguente indirizzo: melvin@branding4wine.com<\/span><\/p><p><span style=\"font-weight: 400;\">Se nel corso della consultazione del sito web vengono inseriti alcuni dati relativi a persone, \u00e8 possibile che si debba fare affidamento sul fatto che il sito non sia stato visitato o che non siano stati utilizzati altri dati, come ad esempio quelli relativi a persone che si trovano in una situazione di conflitto di interessi. L'allevatore non \u00e8 mai stato coinvolto in situazioni di allevamento di bestiame.<\/span><\/p><p><b>Artikel 10 - Norme di legge<\/b><\/p><p><span style=\"font-weight: 400;\">Le indicazioni fornite dall'utente del sito web vengono utilizzate e valutate per la qualit\u00e0 del servizio, in quanto sono state applicate sul bagnato.<\/span><\/p><p><b>Artikel 11 - Biscotti<\/b><\/p><p><span style=\"font-weight: 400;\">Un cookie \u00e8 un piccolo dispositivo informatico che viene applicato al computer quando si effettua una ricerca su un sito web. Un cookie fornisce informazioni sul fatto che tu possa essere registrato su un altro sito web come utente. \u00c8 inoltre utile per far s\u00ec che il sito web specifico per l'utente venga inserito e per far s\u00ec che l'inserimento avvenga. Quando si accede al sito web, viene visualizzato un banner che informa sull'utilizzo dei cookie. In caso di utilizzo del sito web si accetta l'utilizzo dei cookie. La tua iscrizione \u00e8 gratuita per un periodo di dieci anni.<\/span><\/p><p><span style=\"font-weight: 400;\">Sul nostro sito web utilizziamo i seguenti tipi di cookie:<\/span><\/p><ul><li style=\"font-weight: 400;\" aria-level=\"1\"><span style=\"font-weight: 400;\">Cookie funzionali: in particolare cookie di sessione e di login per l'invio di informazioni di sessione e di login.<\/span><\/li><li style=\"font-weight: 400;\" aria-level=\"1\"><span style=\"font-weight: 400;\">Cookie analitici: per migliorare la comunicazione e l'informazione sul sito web sulla base delle informazioni relative ai visitatori, alle pagine pi\u00f9 popolari e ai siti web. In questo modo possiamo migliorare la comunicazione e l'informazione in base alle esigenze degli utenti del sito. Non possiamo sapere come il nostro sito web sia stato creato o da quale pc sia stato creato.<\/span><\/li><\/ul><p><span style=\"font-weight: 400;\">Se si sceglie di visitare il sito web, i cookie possono essere utilizzati in modo mirato per la verifica e l'eliminazione dei dati dall'apparecchiatura.<\/span><span style=\"font-weight: 400;\">\u0308<\/span><span style=\"font-weight: 400;\">nstalleerd. Per maggiori informazioni sull'utilizzo, l'utilizzo e la verifica dei cookie per un tipo di cookie, vi invitiamo a visitare il link seguente:\u00a0<\/span><a href=\"https:\/\/autoriteitpersoonsgegevens.nl\/nl\/onderwerpen\/internet-telefoon-tv-en-post\/cookies#faq\"><span style=\"font-weight: 400;\">https:\/\/autoriteitpersoonsgegevens.nl\/nl\/onderwerpen\/internet- telefoon-tv-en-post\/cookies#faq<\/span><\/a><\/p><p><b>Artikel 12 - Prodotti di terracotta e a base di arancio<\/b><\/p><p><span style=\"font-weight: 400;\">Per quanto riguarda il materiale che si riferisce ai prodotti che si trovano sul sito web, non \u00e8 necessario effettuare alcuna modifica.<\/span><\/p><p><b>Artikel 13 - Diritto di visita<\/b><\/p><p><span style=\"font-weight: 400;\">Il Nederlands Recht van toepassing \u00e8 applicabile a questi diritti. La banca dei diritti sulle propriet\u00e0 dell'agricoltore \u00e8 esclusa dal diritto di voto per gli eventi che si verificano in questa zona, a condizione che si tratti di una situazione di emergenza per il passaggio.<\/span><\/p><p><b>Artikel 14 - Contatti<\/b><\/p><p><span style=\"font-weight: 400;\">Per le richieste, le informazioni sui prodotti o le informazioni sul sito web stesso, \u00e8 possibile rivolgersi all'amministrazione dell'azienda melvin@branding4wine.com.<\/span><\/p>\t\t\t\t\t\t\t\t<\/div>\n\t\t\t\t<\/div>\n\t\t\t\t\t<\/div>\n\t\t\t\t<\/div>\n\t\t\t\t<\/div>","protected":false},"excerpt":{"rendered":"<p>Privacy en disclaimer Branding 4 Wine respecteert de privacy van de bezoekers van haar website in het bijzonder de rechten van bezoekers met betrekking tot de geautomatiseerde verwerking van persoonsgegevens. Vanwege volledige transparantie met onze ge\u00efnteresseerden hebben wij daarom een beleid geformuleerd en ge\u00efmplementeerd met betrekking tot deze verwerkingen zelf, het doel ervan alsook de [&hellip;]<\/p>","protected":false},"author":2,"featured_media":0,"parent":0,"menu_order":0,"comment_status":"closed","ping_status":"open","template":"elementor_header_footer","meta":{"footnotes":""},"class_list":["post-3","page","type-page","status-publish","hentry"],"_links":{"self":[{"href":"https:\/\/branding4wine.com\/it\/wp-json\/wp\/v2\/pages\/3","targetHints":{"allow":["GET"]}}],"collection":[{"href":"https:\/\/branding4wine.com\/it\/wp-json\/wp\/v2\/pages"}],"about":[{"href":"https:\/\/branding4wine.com\/it\/wp-json\/wp\/v2\/types\/page"}],"author":[{"embeddable":true,"href":"https:\/\/branding4wine.com\/it\/wp-json\/wp\/v2\/users\/2"}],"replies":[{"embeddable":true,"href":"https:\/\/branding4wine.com\/it\/wp-json\/wp\/v2\/comments?post=3"}],"version-history":[{"count":34,"href":"https:\/\/branding4wine.com\/it\/wp-json\/wp\/v2\/pages\/3\/revisions"}],"predecessor-version":[{"id":1675,"href":"https:\/\/branding4wine.com\/it\/wp-json\/wp\/v2\/pages\/3\/revisions\/1675"}],"wp:attachment":[{"href":"https:\/\/branding4wine.com\/it\/wp-json\/wp\/v2\/media?parent=3"}],"curies":[{"name":"wp","href":"https:\/\/api.w.org\/{rel}","templated":true}]}}